{"id":998,"date":"2023-08-08T09:14:23","date_gmt":"2023-08-08T09:14:23","guid":{"rendered":"https:\/\/www.pbsbdialogue.org\/notre-travail\/"},"modified":"2025-01-28T06:41:35","modified_gmt":"2025-01-28T06:41:35","slug":"notre-travail","status":"publish","type":"page","link":"https:\/\/www.pbsbdialogue.org\/fr\/notre-travail\/","title":{"rendered":"Notre travail"},"content":{"rendered":"<section id=\"block_3f336f1690dbae81cfe0c911af5e700f\" class=\"block acf-block block-hero hero-type-reg buttons-dark  block-hero-auto show-on-scroll\">\n\t<div class=\"container\">\n\t\t<div class=\"acf-innerblocks-container\">\n\n<h1 class=\"wp-block-heading head\">Notre travail<\/h1>\n\n\n\n<p class=\"subhead\">En s\u2019appuyant sur les Objectifs de Consolidation de la Paix et de Renforcement de l\u2019\u00c9tat, qui constituent le fondement crucial de notre engagement dans les pays fragiles et en conflit, l\u2019IDPS s\u2019articule autour de trois piliers cl\u00e9s : la politique, les actions mises en \u0153uvre sur le terrain et l&rsquo;appui aux Ressources.<\/p>\n\n<\/div>\n\t<\/div>\n<\/section>\n<style>\n\t#block_3f336f1690dbae81cfe0c911af5e700f {\n\t\tbackground-image: url(\"https:\/\/www.pbsbdialogue.org\/wp-content\/uploads\/2023\/09\/Our-Work.jpg\");\n\t}\n<\/style>\n<section class=\"block core-spacer\"><div class=\"container\">\n<div style=\"height:50px\" aria-hidden=\"true\" class=\"wp-block-spacer\"><\/div>\n<\/div><\/section><section class=\"block core-columns\"><div class=\"container\">\n<div class=\"wp-block-columns is-layout-flex wp-container-core-columns-is-layout-9d6595d7 wp-block-columns-is-layout-flex\">\n<div class=\"wp-block-column is-layout-flow wp-block-column-is-layout-flow\" style=\"flex-basis:33.34%\">\n<div class=\"wp-block-group\"><div class=\"wp-block-group__inner-container is-layout-constrained wp-block-group-is-layout-constrained\"><div class=\"wp-block-image\">\n<figure class=\"aligncenter size-full\"><img loading=\"lazy\" decoding=\"async\" width=\"137\" height=\"138\" src=\"https:\/\/www.pbsbdialogue.org\/wp-content\/uploads\/2023\/08\/Policy.png\" alt=\"\" class=\"wp-image-502\"\/><\/figure>\n<\/div>\n\n\n<h3 class=\"wp-block-heading has-text-align-center has-text-color\" style=\"color:#2c7dc1;font-size:28px\">Politique<\/h3>\n<\/div><\/div>\n<\/div>\n\n\n\n<div class=\"wp-block-column is-layout-flow wp-block-column-is-layout-flow\" style=\"flex-basis:33.34%\"><div class=\"wp-block-image\">\n<figure class=\"aligncenter size-full\"><img loading=\"lazy\" decoding=\"async\" width=\"138\" height=\"140\" src=\"https:\/\/www.pbsbdialogue.org\/wp-content\/uploads\/2023\/08\/Practice.png\" alt=\"\" class=\"wp-image-504\"\/><\/figure>\n<\/div>\n\n\n<h3 class=\"wp-block-heading has-text-align-center has-text-color\" style=\"color:#2c7dc1;font-size:28px\">MISE EN OEUVRE<\/h3>\n<\/div>\n\n\n\n<div class=\"wp-block-column is-layout-flow wp-block-column-is-layout-flow\" style=\"flex-basis:33.33%\"><div class=\"wp-block-image\">\n<figure class=\"aligncenter size-full\"><img loading=\"lazy\" decoding=\"async\" width=\"137\" height=\"138\" src=\"https:\/\/www.pbsbdialogue.org\/wp-content\/uploads\/2023\/08\/Resourcing.png\" alt=\"\" class=\"wp-image-505\"\/><\/figure>\n<\/div>\n\n\n<h3 class=\"wp-block-heading has-text-align-center has-text-color\" style=\"color:#2c7dc1;font-size:28px\">Appui aux ressources<\/h3>\n<\/div>\n<\/div>\n<\/div><\/section>\n<section id=\"politique\" class=\"block acf-block block-content-accented-threecol  show-on-scroll\">\n\t<div class=\"background\"><\/div>\n\t<div class=\"container\">\n\t\t<div class=\"acf-innerblocks-container\">\n\n<h2 class=\"wp-block-heading\">Politique<\/h2>\n\n\n\n<p class=\"text-t1\">Promouvoir une vision renouvel\u00e9e de l\u2019engagement multilat\u00e9ral dans les contextes fragiles et touch\u00e9s par des conflits, fond\u00e9e sur le d\u00e9veloppement et la pr\u00e9vention.<\/p>\n\n\n\n<p class=\"text-t2-left\">Les paysages de paix et de d\u00e9veloppement deviennent de plus en plus complexes de nos jours, marqu\u00e9s par une ins\u00e9curit\u00e9 et une fragilit\u00e9 accrue, une d\u00e9t\u00e9rioration du climat de la paix \u00e0 l\u2019\u00e9chelle mondiale, des impacts toujours plus visibles du changement climatique, un r\u00e9tr\u00e9cissement des espaces civiques, le tout renforc\u00e9 par le premier recul cons\u00e9cutif du d\u00e9veloppement humain \u00e0 l\u2019\u00e9chelle mondiale.Face \u00e0 ces nouveaux d\u00e9fis, les acteurs de la paix et du d\u00e9veloppement doivent adapter et renouveler leur engagement aux niveaux national, r\u00e9gional et international.<\/p>\n\n\n\n<p class=\"text-t2-right\">Fort des r\u00e9flexions critiques, des enseignements tir\u00e9s du New Deal, de la D\u00e9claration de Stockholm, de la Vision pour la Paix et du plaidoyer ayant permis l\u2019int\u00e9gration de l\u2019ODD 16 dans l\u2019Agenda 2030, l\u2019IDPS accompagnera tout effort visant \u00e0 repenser les liens entre conflit, d\u00e9veloppement et l\u2019avenir de la consolidation de paix. La plateforme mobilisera \u00e9galement sa singularit\u00e9 en tant que plateforme de dialogue de haut niveau afin de promouvoir une vision renouvel\u00e9e de l\u2019engagement multilat\u00e9ral dans les contextes fragiles et touch\u00e9s par les conflits.<\/p>\n\n\n\n<p class=\"text-t2-bottom\"><strong>Actions cl\u00e9s<br\/><\/strong><\/p>\n\n\n\n<ul class=\"ul-bottom wp-block-list\">\n<li>Organiser des<strong> r\u00e9unions de haut niveau et mener des actions<\/strong> de plaidoyer en s\u2019appuyant sur les espaces politiques d\u00e9j\u00e0 \u00e9tablis, tout en utilisant la plateforme IDPS comme espace politique \u00e0 part enti\u00e8re.<\/li>\n\n\n\n<li>Soumettre des recommandations <strong>politiques tripartites<\/strong> visant \u00e0 \u00e9clairer les principaux cadres et discussions internationales ax\u00e9s sur la consolidation de la paix et le renforcement de l&rsquo;\u00c9tat<\/li>\n<\/ul>\n\n<\/div>\n\t<\/div>\n<\/section>\n\n<section id=\"mise-en-oeuvre\" class=\"block acf-block block-content-threecol  show-on-scroll\">\n\t<div class=\"container\">\n\t\t<div class=\"acf-innerblocks-container\">\n\n<h2 class=\"wp-block-heading\">MISE EN OEUVRE<\/h2>\n\n\n\n<p class=\"text-t1\">Contribuer au renforcement de l&rsquo;engagement des pays dans la mise en \u0153uvre des cadres politiques mondiaux.<\/p>\n\n\n\n<p class=\"text-t2-left\">La communaut\u00e9 internationale a accueilli certains progr\u00e8s dans l&rsquo;expansion des cadres politiques mondiaux relatifs \u00e0 la consolidation de la paix et au renforcement de l&rsquo;\u00c9tat au cours de la derni\u00e8re d\u00e9cennie, notamment au travers de l&rsquo;introduction du programme de maintien de la paix, l&rsquo;augmentation des efforts concernant le nexus humanitaire-d\u00e9veloppement-paix, l&rsquo;\u00e9laboration de l&rsquo;Agenda Jeunesse, paix et s\u00e9curit\u00e9, et un nombre croissant de cadres politiques pertinents sur l&rsquo;agenda des femmes, paix et s\u00e9curit\u00e9. Cependant, les avanc\u00e9es restent loin d\u2019\u00eatre transformatrices, et de nombreux obstacles persistent afin de traduire ces agendas politiques mondiaux en actions concr\u00e8tes dans les contextes de fragilit\u00e9s et de conflits, en raison d\u2019une part, d\u2019un manque de capacit\u00e9s, de ressources, de volont\u00e9 politique et de l\u2019autre, d\u2019une confiance entrav\u00e9e entre les partenaires. <\/p>\n\n\n\n<p class=\"text-t2-right\">En tant que partenariat tripartite unique r\u00e9unissant les \u00c9tats fragiles et affect\u00e9s par les conflits, la soci\u00e9t\u00e9 civile et les partenaires au d\u00e9veloppement engag\u00e9s dans ces initiatives, et en s&rsquo;appuyant sur la pr\u00e9sence sur le terrain du PNUD, qui assure d\u00e9sormais le r\u00f4le de Secr\u00e9tariat , L\u2019IDPS joue un r\u00f4le essentiel pour garantir la mise en \u0153uvre concr\u00e8te et l&rsquo;op\u00e9rationnalisation des cadres politiques au niveau local.<\/p>\n\n\n\n<p class=\"text-t2-bottom\"><strong>Action Cl\u00e9s<\/strong><\/p>\n\n\n\n<ul class=\"ul-bottom wp-block-list\">\n<li>Organiser des dialogues nationaux afin de traduire la vision et l\u2019agenda politique de l\u2019IDPS en actions concr\u00e8tes sur le terrain.<\/li>\n\n\n\n<li>Organiser des \u00e9changes multi-pays afin promouvoir le partage d\u2019exp\u00e9riences dans le cadre de la collaboration Sud-Sud et triangulaire.<\/li>\n<\/ul>\n\n<\/div>\n\t<\/div>\n<\/section>\n\n<section id=\"ressources\" class=\"block acf-block block-content-accented-onecol-list  show-on-scroll\">\n\t<div class=\"background\"><\/div>\n\t<div class=\"container\">\n\t\t<div class=\"acf-innerblocks-container\">\n\n<h2 class=\"wp-block-heading\">Appui aux ressources<\/h2>\n\n\n\n<p class=\"text-t1\">Renforcer les capacit\u00e9s et les efforts de plaidoyer en vue de mobiliser des ressources efficaces et inclusives en faveur de la paix<\/p>\n\n\n\n<p class=\"text-t2\">Bien que les fonds fiduciaires multi-donateurs ou multi-partenaires d\u00e9di\u00e9s \u00e0 des contextes sp\u00e9cifiques et l\u2019architecture des Nations Unies pour la consolidation de la paix soient essentiels afin de soutenir les efforts de renforcement de l\u2019\u00c9tat et de consolidation de la paix, les investissements et les ressources allou\u00e9es aux solutions durables pour la paix et le d\u00e9veloppement restent insuffisants face \u00e0 la complexit\u00e9 croissante des situations de fragilit\u00e9 et de conflits. <br\/>En s&rsquo;appuyant sur la nouvelle r\u00e9solution sur le Financement de la Consolidation de la Paix et sur l\u2019h\u00e9ritage des Principes du New Deal, L&rsquo;IDPS peut jouer un r\u00f4le essentiel en renfor\u00e7ant son plaidoyer en faveur d&rsquo;une utilisation et d&rsquo;une allocation efficaces, flexibles et inclusives des financements, des ressources humaines et des partenariats. Cela contribuera \u00e0 intensifier les efforts de pr\u00e9vention des conflits et de consolidation de la paix, tout en cr\u00e9ant un espace op\u00e9rationnel propice pour les acteurs investis dans ces domaines.<\/p>\n\n\n\n<p class=\"text-t3\"><strong>Action Cl\u00e9s<\/strong><\/p>\n\n\n\n<ul class=\"list wp-block-list\">\n<li>Mobiliser l\u2019IDPS en tant qu\u2019acteur cl\u00e9 dans la mise en \u0153uvre de la r\u00e9solution sur le financement de la consolidation de la paix et des initiatives connexes, en plaidant pour un financement inclusif, pr\u00e9visible et durable de la paix.<\/li>\n\n\n\n<li>Soutenir le renforcement des capacit\u00e9s des parties prenantes de l\u2019IDPS ainsi que de ses partenaires afin d\u2019assurer une mise en \u0153uvre efficace et inclusive de l\u2019agenda de consolidation de la paix et de renforcement de l&rsquo;\u00c9tat.<\/li>\n<\/ul>\n\n<\/div>\n\t<\/div>\n<\/section>\n<section id=\"le-new-deal\" class=\"block acf-block block-the-deal   show-on-scroll\">\n\t<div class=\"background\"><\/div>\n\t<div class=\"container\">\n\t\t<div class=\"acf-innerblocks-container\">\n\n<h2 class=\"wp-block-heading head\">Le \u201cNew Deal\u201d<\/h2>\n\n\n\n<p class=\"lead\">Le New Deal est un accord fondamental sign\u00e9 entre les pays fragiles et en conflits, les partenaires de d\u00e9veloppement et la soci\u00e9t\u00e9 civile, visant \u00e0 am\u00e9liorer les politiques de d\u00e9veloppement ainsi que leur mise-en \u0153uvre dans les \u00e9tats fragiles et en conflits.<\/p>\n\n\n\n<p class=\"text\">L&rsquo;accord a \u00e9t\u00e9 \u00e9labor\u00e9 dans le cadre du Dialogue International et a \u00e9t\u00e9 ratifi\u00e9 par plus de 40 pays et organisations lors du <a rel=\"noreferrer noopener\" href=\"https:\/\/www.oecd.org\/dac\/effectiveness\/fourthhighlevelforumonaideffectiveness.htm\" target=\"_blank\">4e Forum de Haut Niveau sur l&rsquo;efficacit\u00e9<\/a> de l&rsquo;aide, qui s&rsquo;est tenu \u00e0 Busan, en Cor\u00e9e du Sud, le 30 novembre 2011.<\/p>\n\n\n\n<ul class=\"list wp-block-list\">\n<li><a href=\"https:\/\/www.pbsbdialogue.org\/fr\/a-propos-du-new-deal\/\" data-type=\"page\" data-id=\"775\">\u00c0 propos du New Deal<\/a><\/li>\n\n\n\n<li><a href=\"https:\/\/www.pbsbdialogue.org\/fr\/les-principes-du-new-deal\/\" data-type=\"page\" data-id=\"782\">Les principes du New Deal<\/a><\/li>\n\n\n\n<li><a href=\"https:\/\/www.pbsbdialogue.org\/fr\/pays-et-organisations-signataires\/\" data-type=\"page\" data-id=\"787\">Les pays et organisations signataires<\/a><\/li>\n\n\n\n<li><a href=\"https:\/\/www.pbsbdialogue.org\/fr\/mise-en-oeuvre-du-new-deal-progres-au-niveau-national\/\" data-type=\"page\" data-id=\"795\">Mise en \u0153uvre du New Deal &#8211; Progr\u00e8s au niveau national<\/a><\/li>\n<\/ul>\n\n<\/div>\n\t<\/div>\n<\/section>\n","protected":false},"excerpt":{"rendered":"<p>Politique MISE EN OEUVRE Appui aux ressources<\/p>\n","protected":false},"author":3,"featured_media":0,"parent":0,"menu_order":0,"comment_status":"closed","ping_status":"closed","template":"","meta":{"_acf_changed":false,"inline_featured_image":false,"footnotes":""},"class_list":["post-998","page","type-page","status-publish","hentry"],"acf":[],"_links":{"self":[{"href":"https:\/\/www.pbsbdialogue.org\/fr\/wp-json\/wp\/v2\/pages\/998","targetHints":{"allow":["GET"]}}],"collection":[{"href":"https:\/\/www.pbsbdialogue.org\/fr\/wp-json\/wp\/v2\/pages"}],"about":[{"href":"https:\/\/www.pbsbdialogue.org\/fr\/wp-json\/wp\/v2\/types\/page"}],"author":[{"embeddable":true,"href":"https:\/\/www.pbsbdialogue.org\/fr\/wp-json\/wp\/v2\/users\/3"}],"replies":[{"embeddable":true,"href":"https:\/\/www.pbsbdialogue.org\/fr\/wp-json\/wp\/v2\/comments?post=998"}],"version-history":[{"count":9,"href":"https:\/\/www.pbsbdialogue.org\/fr\/wp-json\/wp\/v2\/pages\/998\/revisions"}],"predecessor-version":[{"id":1068,"href":"https:\/\/www.pbsbdialogue.org\/fr\/wp-json\/wp\/v2\/pages\/998\/revisions\/1068"}],"wp:attachment":[{"href":"https:\/\/www.pbsbdialogue.org\/fr\/wp-json\/wp\/v2\/media?parent=998"}],"curies":[{"name":"wp","href":"https:\/\/api.w.org\/{rel}","templated":true}]}}