{"id":996,"date":"2023-08-09T06:28:50","date_gmt":"2023-08-09T06:28:50","guid":{"rendered":"https:\/\/www.pbsbdialogue.org\/actualites-et-evenements\/"},"modified":"2025-01-27T15:08:24","modified_gmt":"2025-01-27T15:08:24","slug":"actualites-et-evenements","status":"publish","type":"page","link":"https:\/\/www.pbsbdialogue.org\/fr\/actualites-et-evenements\/","title":{"rendered":"Actualit\u00e9s et \u00e9v\u00e9nements"},"content":{"rendered":"<section id=\"block_513571618d4a851a922786f21f3912be\" class=\"block acf-block block-hero hero-type-reg buttons-dark  block-hero-auto show-on-scroll\">\n\t<div class=\"container\">\n\t\t<div class=\"acf-innerblocks-container\">\n\n<h1 class=\"wp-block-heading head\">Actualit\u00e9s et \u00e9v\u00e9nements<\/h1>\n\n\n\n<p class=\"subhead\">Restez inform\u00e9s des actualit\u00e9s r\u00e9centes de l&rsquo;IDPS, ainsi que des \u00e9v\u00e9nements pass\u00e9s et futurs.<\/p>\n\n<\/div>\n\t<\/div>\n<\/section>\n<style>\n\t#block_513571618d4a851a922786f21f3912be {\n\t\tbackground-image: url(\"https:\/\/www.pbsbdialogue.org\/wp-content\/themes\/idps-theme\/blocks\/Hero\/assets\/img\/hero.png\");\n\t}\n<\/style>\n<section id=\"block_b21eb42fa6e294289a5f75d21554effb\" class=\"block acf-block block-search-news-events   show-on-scroll\">\n\t<div class=\"container\">\n\t\t<form role=\"search\" method=\"get\" action=\"https:\/\/www.pbsbdialogue.org\/fr\/\" class=\"wp-block-search__button-outside wp-block-search__text-button wp-block-search\">\n\t\t\t<div class=\"wp-block-search__inside-wrapper \">\n\t\t\t\t<input class=\"wp-block-search__input\" id=\"wp-block-search__input-1\" placeholder=\"Rechercher\" value=\"\" type=\"search\" name=\"s\" required=\"\">\n\t\t\t\t<input type=\"hidden\" name=\"post_type[]\" value=\"post\" \/>\n\t\t\t\t<input type=\"hidden\" name=\"post_type[]\" value=\"event\" \/>\n\t\t\t\t<button aria-label=\"Search\" class=\"wp-block-search__button wp-element-button\" type=\"submit\">Recherche<\/button>\n\t\t\t<\/div>\n\t\t<\/form>\n\t<\/div>\n<\/section>\n<section id=\"actualites-recentes\" class=\"block acf-block block-latest-news  show-on-scroll\">\n\t<div class=\"container\">\n\t\t<h2>Actualit\u00e9s R\u00e9centes<\/h2>\n\t\t<div class=\"wrap\">\n\t\t\t\t<div class=\"news\">\n\t\t\t\t\t<img loading=\"lazy\" decoding=\"async\" width=\"159\" height=\"173\" src=\"https:\/\/www.pbsbdialogue.org\/wp-content\/uploads\/2024\/05\/IMG_6799-159x173.jpg\" class=\"attachment-thumbnail size-thumbnail\" alt=\"\" \/>\t\t\t\t<div class=\"meta\">\n\t\t\t\t\t<span class=\"date\">25 Avr 2024<\/span>\n\t\t\t\t\t\t\t<span class=\"badge\">\u00c9v\u00e8nement<\/span>\n\t\t\t\t\t\t\t<\/div>\n\t\t\t\t<a class=\"title\" href=\"https:\/\/www.pbsbdialogue.org\/fr\/echange-sur-lagenda-jeunesse-la-paix-et-la-securite\/\">\u00e9change sur l\u2019agenda Jeunesse, la Paix et la S\u00e9curit\u00e9<\/a>\n\t\t\t\t<div class=\"excerpt\">R\u00e9affirmant son engagement \u00e0 reconna\u00eetre et valoriser le potentiel positif des jeunes dans la consolidation de la paix et de &hellip;<\/div>\n\t\t\t<\/div>\n\n\t\t\t\t\t<div class=\"news\">\n\t\t\t\t\t<img loading=\"lazy\" decoding=\"async\" width=\"159\" height=\"173\" src=\"https:\/\/www.pbsbdialogue.org\/wp-content\/uploads\/2024\/05\/Ghana-1-159x173.jpg\" class=\"attachment-thumbnail size-thumbnail\" alt=\"\" \/>\t\t\t\t<div class=\"meta\">\n\t\t\t\t\t<span class=\"date\">26 Mar 2024<\/span>\n\t\t\t\t\t\t\t<span class=\"badge\">\u00c9v\u00e8nement<\/span>\n\t\t\t\t\t\t\t<\/div>\n\t\t\t\t<a class=\"title\" href=\"https:\/\/www.pbsbdialogue.org\/fr\/dialogue-regional-sur-lafrique-de-louest-cotiere\/\">Dialogue R\u00e9gional sur l&#039;Afrique de l\u2019Ouest C\u00f4ti\u00e8re<\/a>\n\t\t\t\t<div class=\"excerpt\">Les 25 et 26 mars derniers, L&rsquo;IDPS a organis\u00e9 le Dialogue R\u00e9gional sur la Pr\u00e9vention, la Consolidation de la Paix &hellip;<\/div>\n\t\t\t<\/div>\n\n\t\t\t\t\t<div class=\"news\">\n\t\t\t\t\t<img loading=\"lazy\" decoding=\"async\" width=\"159\" height=\"173\" src=\"https:\/\/www.pbsbdialogue.org\/wp-content\/uploads\/2023\/09\/SDG-summit-UN-HQ-159x173.jpg\" class=\"attachment-thumbnail size-thumbnail\" alt=\"\" \/>\t\t\t\t<div class=\"meta\">\n\t\t\t\t\t<span class=\"date\">19 Sep 2023<\/span>\n\t\t\t\t\t\t\t<span class=\"badge\">Politique<\/span>\n\t\t\t\t\t\t\t<\/div>\n\t\t\t\t<a class=\"title\" href=\"https:\/\/www.pbsbdialogue.org\/fr\/lancement-declaration-conjointe-de-lidps-inverser-la-tendance-en-faveur-de-societes-pacifiques-justes-et-inclusives\/\">Lancement : D\u00e9claration Conjointe de L\u2019IDPS- &quot;Inverser la tendance en faveur de soci\u00e9t\u00e9s pacifiques, justes et inclusives\u2019<\/a>\n\t\t\t\t<div class=\"excerpt\">Le 18 septembre dernier, l&rsquo;IDPS a lanc\u00e9 sa d\u00e9claration conjointe intitul\u00e9e \u00ab Inverser la tendance en faveur des soci\u00e9t\u00e9s pacifiques, &hellip;<\/div>\n\t\t\t<\/div>\n\n\t\t\t\t<\/div>\n\t\t<div class=\"all\">\n\t\t\t<a href=\"https:\/\/www.pbsbdialogue.org\/fr\/actualites\/\">\n\tVoir plus<svg width=\"21\" height=\"21\" viewBox=\"0 0 21 21\" fill=\"none\" xmlns=\"http:\/\/www.w3.org\/2000\/svg\">\n<path id=\"Vector 3\" d=\"M9.56622 1L19.2032 10.535M19.2032 10.535L9.56622 20.07M19.2032 10.535H1\" stroke=\"#5098D5\" stroke-width=\"1.66709\" stroke-linecap=\"round\" stroke-linejoin=\"round\"\/>\n<\/svg>\n\t\t\t<\/a>\n\t\t<\/div>\n\t\t<\/div>\n<\/section>\n<section id=\"evenements-passes\" class=\"block acf-block block-past-events   show-on-scroll\">\n\t<div class=\"container\">\n\t\t<h2>\u00c9v\u00e8nements pass\u00e9s<\/h2>\n\t\t<div class=\"wrap\">\n\t\t\t\t<div class=\"event\">\n\t\t\t\t<img loading=\"lazy\" decoding=\"async\" width=\"159\" height=\"173\" src=\"https:\/\/www.pbsbdialogue.org\/wp-content\/uploads\/2023\/09\/Screenshot-2023-09-14-011317-159x173.png\" class=\"attachment-thumbnail size-thumbnail\" alt=\"\" \/>\t\t\t\t<div class=\"meta\">\n\t\t\t\t\t<span class=\"date\">20 Sep 2023<\/span>\n\t\t\t\t\t\t<\/div>\n\t\t\t\t<a class=\"title\" href=\"https:\/\/www.pbsbdialogue.org\/fr\/events\/realiser-les-odd-a-travers-la-promotion-de-la-paix-de-la-justice-et-la-mise-en-place-dinstitutions-efficaces-odd16\/\">R\u00e9aliser les ODD \u00e0 travers la promotion de la paix, de la justice et la mise en place d\u2019institutions efficaces (ODD16+)<\/a>\n\t\t\t\t<div class=\"excerpt\">Cet \u00e9v\u00e9nement organis\u00e9 par les organisations Pathfinders for Peaceful, Just and Inclusive Societies (accueilli par le NYU Center on International &hellip;<\/div>\n\t\t\t<\/div>\n\n\t\t\t\t\t<div class=\"event\">\n\t\t\t\t<img loading=\"lazy\" decoding=\"async\" width=\"159\" height=\"173\" src=\"https:\/\/www.pbsbdialogue.org\/wp-content\/uploads\/2023\/08\/Frame-96-159x173.jpg\" class=\"attachment-thumbnail size-thumbnail\" alt=\"\" \/>\t\t\t\t<div class=\"meta\">\n\t\t\t\t\t<span class=\"date\">15 Sep 2023<\/span>\n\t\t\t\t\t\t\t<span class=\"badge\">\u00c9v\u00e8nement<\/span>\n\t\t\t\t\t\t\t<\/div>\n\t\t\t\t<a class=\"title\" href=\"https:\/\/www.pbsbdialogue.org\/fr\/events\/session-de-haut-niveau-accelerer-les-progres-vers-lodd-16\/\">Session de haut niveau : Acc\u00e9l\u00e9rer les progr\u00e8s vers l&#039;ODD 16<\/a>\n\t\t\t\t<div class=\"excerpt\">Fort de son h\u00e9ritage en tant que fervent d\u00e9fenseur de l\u2019int\u00e9gration de l&rsquo;ODD 16 sur les soci\u00e9t\u00e9s pacifiques, justes et &hellip;<\/div>\n\t\t\t<\/div>\n\n\t\t\t\t\t<div class=\"event\">\n\t\t\t\t<img loading=\"lazy\" decoding=\"async\" width=\"159\" height=\"173\" src=\"https:\/\/www.pbsbdialogue.org\/wp-content\/uploads\/2022\/11\/SSTC-event-scaled-2048x1536-1-159x173.jpg\" class=\"attachment-thumbnail size-thumbnail\" alt=\"\" \/>\t\t\t\t<div class=\"meta\">\n\t\t\t\t\t<span class=\"date\">3 Nov 2022<\/span>\n\t\t\t\t\t\t\t<span class=\"badge\">\u00c9v\u00e8nement<\/span>\n\t\t\t\t\t\t\t<\/div>\n\t\t\t\t<a class=\"title\" href=\"https:\/\/www.pbsbdialogue.org\/fr\/events\/cooperation-sud-sud-et-cooperation-triangulaire-sstc-dans-les-contextes-de-consolidation-de-la-paix-et-au-sein-de-larchitecture-de-consolidation-de-la-paix-de-lonu\/\">Coop\u00e9ration Sud-Sud et Coop\u00e9ration Triangulaire (SSTC) dans les Contextes de Consolidation de la Paix et au sein de l&#039;Architecture de Consolidation de la Paix de l&#039;ONU<\/a>\n\t\t\t\t<div class=\"excerpt\">L&rsquo;IDPS a organis\u00e9 une session sur les possibilit\u00e9s d&rsquo;engagement multipartite via le Dialogue International en faveur de la SSTC dans &hellip;<\/div>\n\t\t\t<\/div>\n\n\t\t\t\t<\/div>\n\t\t<div class=\"all\">\n\t\t\t<a href=\"https:\/\/www.pbsbdialogue.org\/fr\/events\/\">\n\tVoir plus<svg width=\"21\" height=\"21\" viewBox=\"0 0 21 21\" fill=\"none\" xmlns=\"http:\/\/www.w3.org\/2000\/svg\">\n<path id=\"Vector 3\" d=\"M9.56622 1L19.2032 10.535M19.2032 10.535L9.56622 20.07M19.2032 10.535H1\" stroke=\"#5098D5\" stroke-width=\"1.66709\" stroke-linecap=\"round\" stroke-linejoin=\"round\"\/>\n<\/svg>\n\t\t\t<\/a>\n\t\t<\/div>\n\t\t<\/div>\n<\/section>\n","protected":false},"excerpt":{"rendered":"","protected":false},"author":3,"featured_media":0,"parent":0,"menu_order":0,"comment_status":"closed","ping_status":"closed","template":"","meta":{"_acf_changed":false,"inline_featured_image":false,"footnotes":""},"class_list":["post-996","page","type-page","status-publish","hentry"],"acf":[],"_links":{"self":[{"href":"https:\/\/www.pbsbdialogue.org\/fr\/wp-json\/wp\/v2\/pages\/996","targetHints":{"allow":["GET"]}}],"collection":[{"href":"https:\/\/www.pbsbdialogue.org\/fr\/wp-json\/wp\/v2\/pages"}],"about":[{"href":"https:\/\/www.pbsbdialogue.org\/fr\/wp-json\/wp\/v2\/types\/page"}],"author":[{"embeddable":true,"href":"https:\/\/www.pbsbdialogue.org\/fr\/wp-json\/wp\/v2\/users\/3"}],"replies":[{"embeddable":true,"href":"https:\/\/www.pbsbdialogue.org\/fr\/wp-json\/wp\/v2\/comments?post=996"}],"version-history":[{"count":3,"href":"https:\/\/www.pbsbdialogue.org\/fr\/wp-json\/wp\/v2\/pages\/996\/revisions"}],"predecessor-version":[{"id":1033,"href":"https:\/\/www.pbsbdialogue.org\/fr\/wp-json\/wp\/v2\/pages\/996\/revisions\/1033"}],"wp:attachment":[{"href":"https:\/\/www.pbsbdialogue.org\/fr\/wp-json\/wp\/v2\/media?parent=996"}],"curies":[{"name":"wp","href":"https:\/\/api.w.org\/{rel}","templated":true}]}}