{"id":994,"date":"2023-05-28T21:37:08","date_gmt":"2023-05-28T21:37:08","guid":{"rendered":"https:\/\/www.pbsbdialogue.org\/a-propos-de-lidps\/"},"modified":"2025-08-28T07:25:26","modified_gmt":"2025-08-28T07:25:26","slug":"a-propos-de-lidps","status":"publish","type":"page","link":"https:\/\/www.pbsbdialogue.org\/fr\/a-propos-de-lidps\/","title":{"rendered":"\u00c0 propos de l&rsquo;IDPS"},"content":{"rendered":"<section id=\"block_91dba1e1d9e689103fbc42b27aaa0124\" class=\"block acf-block block-hero hero-type-reg buttons-dark  block-hero-auto show-on-scroll\">\n\t<div class=\"container\">\n\t\t<div class=\"acf-innerblocks-container\">\n\n<h1 class=\"wp-block-heading head\">\u00c0 propos de l&rsquo;IDPS<\/h1>\n\n\n\n<p class=\"subhead\">Le premier forum de dialogue politique r\u00e9unissant les pays touch\u00e9s par les conflits et la fragilit\u00e9, les partenaires de d\u00e9veloppement et la soci\u00e9t\u00e9 civile. <\/p>\n\n<\/div>\n\t<\/div>\n<\/section>\n<style>\n\t#block_91dba1e1d9e689103fbc42b27aaa0124 {\n\t\tbackground-image: url(\"https:\/\/www.pbsbdialogue.org\/wp-content\/uploads\/2023\/09\/Contact-Us-General-e1718048587879.jpg\");\n\t}\n<\/style>\n\n\n\n<section id=\"notre-mission\" class=\"block acf-block block-content-image block-type-left  show-on-scroll\">\n\t<div class=\"container\">\n\t\t<div class=\"acf-innerblocks-container\">\n\n<figure class=\"wp-block-image size-full is-resized image\"><img loading=\"lazy\" decoding=\"async\" width=\"2560\" height=\"1920\" src=\"https:\/\/www.pbsbdialogue.org\/wp-content\/uploads\/2023\/08\/SSTC-event-scaled.jpg\" alt=\"\" class=\"wp-image-626\" style=\"object-fit:cover;width:350px;height:350px\" srcset=\"https:\/\/www.pbsbdialogue.org\/wp-content\/uploads\/2023\/08\/SSTC-event-scaled.jpg 2560w, https:\/\/www.pbsbdialogue.org\/wp-content\/uploads\/2023\/08\/SSTC-event-scaled-300x225.jpg 300w, https:\/\/www.pbsbdialogue.org\/wp-content\/uploads\/2023\/08\/SSTC-event-scaled-1024x768.jpg 1024w, https:\/\/www.pbsbdialogue.org\/wp-content\/uploads\/2023\/08\/SSTC-event-scaled-768x576.jpg 768w, https:\/\/www.pbsbdialogue.org\/wp-content\/uploads\/2023\/08\/SSTC-event-scaled-1536x1152.jpg 1536w, https:\/\/www.pbsbdialogue.org\/wp-content\/uploads\/2023\/08\/SSTC-event-scaled-2048x1536.jpg 2048w\" sizes=\"auto, (max-width: 2560px) 100vw, 2560px\" \/><\/figure>\n\n\n\n<h2 class=\"wp-block-heading name\">Notre Mission<\/h2>\n\n\n\n<p class=\"text-t1\">L\u2019 IDPS est le premier forum de dialogue politique r\u00e9unissant les pays touch\u00e9s par des conflits et la fragilit\u00e9, les partenaires de d\u00e9veloppement ainsi que les membres de la soci\u00e9t\u00e9 civile. <\/p>\n\n\n\n<p class=\"text-t2\">\u00c0 travers sa plateforme, L\u2019IDPS vise \u00e0 impulser une nouvelle dynamique politique en faveur du changement et d\u2019un renouvellement de la confiance entre les pays fragiles et touch\u00e9s par les conflits, les partenaires du d\u00e9veloppement et les repr\u00e9sentants de la soci\u00e9t\u00e9 civile. Elle vise ainsi \u00e0 renouveler les modalit\u00e9s de collaboration entre partenaires nationaux et internationaux. Son ambition est de promouvoir la consolidation de la paix et le renforcement de l\u2019\u00c9tat, tout en soutenant la cr\u00e9ation de trajectoires de sortie de crises et de la fragilit\u00e9 pilot\u00e9es par les pays.<\/p>\n\n<\/div>\n\n\t<\/div>\n<\/section>\n\n\n\n<section id=\"histoire-de-lidps\" class=\"block acf-block block-content-accented-twocol  show-on-scroll\">\n\t<div class=\"background\"><\/div>\n\t<div class=\"container\">\n\t\t<div class=\"acf-innerblocks-container\">\n\n<h2 class=\"wp-block-heading\">Histoire<\/h2>\n\n\n\n<p class=\"text-t1\">Les origines du Dialogue international remontent \u00e0 la D\u00e9claration de Paris sur l\u2019Efficacit\u00e9 de l\u2019Aide de 2005, qui mettait en \u00e9vidence la n\u00e9cessit\u00e9 d\u2019un consensus sur des mesures particuli\u00e8res d\u00e9di\u00e9es \u00e0 l\u2019am\u00e9lioration de l\u2019efficacit\u00e9 de l\u2019aide dans les contextes de conflit et de fragilit\u00e9.<\/p>\n\n\n\n<p class=\"text-t2-left\">Par la suite, en 2007, le Comit\u00e9 d&rsquo;Assistance au D\u00e9veloppement (CAD) a inaugur\u00e9 ces Principes sur l&rsquo;engagement international dans les \u00c9tats fragiles. Ces principes fournissent un ensemble de recommandations destin\u00e9es aux diff\u00e9rents acteurs impliqu\u00e9s dans la coop\u00e9ration internationale au d\u00e9veloppement, la consolidation de la paix, le renforcement de l&rsquo;\u00c9tat et les efforts de s\u00e9curit\u00e9 dans les \u00c9tats fragiles et en conflit.<br>En 2008, lors de la 3e Conf\u00e9rence de Haut-Niveau sur l\u2019efficacit\u00e9 de l\u2019Aide, plusieurs repr\u00e9sentants d&rsquo;\u00c9tats fragiles \u2013 qui se regrouperont par la suite pour former le g+7 \u2013 ont exprim\u00e9 le besoin d&rsquo;\u00e9tablir un dialogue qui leur accorde une voix \u00e9quivalente \u00e0 celle des partenaires de d\u00e9veloppement dans la d\u00e9finition des priorit\u00e9s en mati\u00e8re de consolidation de la paix et de renforcement de l&rsquo;\u00c9tat. <\/p>\n\n\n\n<p class=\"text-t2-right\">L&rsquo;IDPS a \u00e9t\u00e9 officiellement \u00e9tabli en 2008 avec pour mandat d&rsquo;\u00e9laborer un ensemble d&rsquo;objectifs de consolidation de la paix et de renforcement de l&rsquo;\u00c9tat, ainsi qu&rsquo;un plan d&rsquo;action pour un engagement efficace dans les \u00c9tats fragiles. Les premi\u00e8res conclusions du Dialogue ont \u00e9t\u00e9 pr\u00e9sent\u00e9es lors du 4e Forum de haut niveau \u00e0 Busan en 2011, o\u00f9 les ministres et hauts responsables du groupe g7+ ainsi que des partenaires de d\u00e9veloppement ont approuv\u00e9 le New Deal pour l&rsquo;engagement dans les \u00c9tats fragiles et pris des engagements sp\u00e9cifiques pour mettre en \u0153uvre ses dispositions. <\/p>\n\n<\/div>\n\t<\/div>\n<\/section>\n\n\n\n<section id=\"notre-structure\" class=\"block acf-block block-content-image block-type-right-v3  show-on-scroll\">\n\t<div class=\"container\">\n\t\t<div class=\"acf-innerblocks-container\">\n\n<figure class=\"wp-block-image size-large image\"><img loading=\"lazy\" decoding=\"async\" width=\"367\" height=\"415\" src=\"https:\/\/www.pbsbdialogue.org\/wp-content\/uploads\/2023\/05\/circles.svg\" alt=\"\" class=\"wp-image-151\"\/><\/figure>\n\n\n\n<h2 class=\"wp-block-heading name\">Notre Structure<\/h2>\n\n\n\n<p class=\"text-t1\">Le Dialogue international est compos\u00e9 des membres du R\u00e9seau international sur les conflits et la fragilit\u00e9 (INCAF), du groupe G7+ repr\u00e9sentant les \u00c9tats fragiles et touch\u00e9s par les conflits, ainsi que des organisations membres de la Plate-forme de la soci\u00e9t\u00e9 civile pour la consolidation de la paix et le renforcement de l&rsquo;\u00c9tat (CSPPS).<\/p>\n\n<\/div>\n\n\t<\/div>\n<\/section>\n<style>\n\t#block_6aa587c11449311e5029f3799aef399f {\n\t\tpadding-bottom: 0; \n\n\t}\n\n\t@media (min-width: 768px) { \n\t\t#block_6aa587c11449311e5029f3799aef399f {\n\t\t\tpadding-bottom: 0; \n\n\t\t}\n\t}\n<\/style>\n\n\n\t<section id=\"block_070daadd4c93f9204db61f84b0dc65f9\" class=\"block acf-block block-columns   show-on-scroll\">\n\t\t<div class=\"container\">\n\t\t\t<div class=\"acf-innerblocks-container\">\n\n<div class=\"wp-block-group column-1\"><div class=\"wp-block-group__inner-container is-layout-flow wp-block-group-is-layout-flow\">\n<figure class=\"wp-block-image size-large image\"><img loading=\"lazy\" decoding=\"async\" width=\"81\" height=\"80\" src=\"https:\/\/www.pbsbdialogue.org\/wp-content\/uploads\/2023\/05\/logo-cspps.svg\" alt=\"\" class=\"wp-image-175\"\/><\/figure>\n\n\n\n<h3 class=\"wp-block-heading head\"><a href=\"http:\/\/www.oecd.org\/dac\/conflict-fragility-resilience\/conflict-fragility\/\" target=\"_blank\" rel=\"noopener\">CSPPS<\/a><\/h3>\n\n\n\n<p class=\"text\">La Plateforme de la Soci\u00e9t\u00e9 Civile pour la consolidation de la Paix et le renforcement de l&rsquo;\u00c9tat (CSPPS) rassemble un vaste \u00e9ventail d\u2019acteurs d&rsquo;organisations de la soci\u00e9t\u00e9 civile (OSC) et d&rsquo;experts provenant \u00e0 la fois des pays g7+ et d&rsquo;organisations de la soci\u00e9t\u00e9 civile, travaillant ensemble sur les questions de consolidation de la paix, de renforcement de l&rsquo;\u00c9tat, de conflit et de fragilit\u00e9 aux niveaux r\u00e9gional et mondial.<\/p>\n<\/div><\/div>\n\n\n\n<div class=\"wp-block-group column-2\"><div class=\"wp-block-group__inner-container is-layout-flow wp-block-group-is-layout-flow\">\n<figure class=\"wp-block-image size-large image\"><img loading=\"lazy\" decoding=\"async\" width=\"81\" height=\"80\" src=\"https:\/\/www.pbsbdialogue.org\/wp-content\/uploads\/2023\/05\/logo-g7plus.svg\" alt=\"\" class=\"wp-image-176\"\/><\/figure>\n\n\n\n<h3 class=\"wp-block-heading head\"><a href=\"http:\/\/www.g7plus.org\/\" target=\"_blank\" rel=\"noopener\">G7+<\/a><\/h3>\n\n\n\n<p class=\"text\">Le G7+ est une association volontaire de 20 pays , touch\u00e9s par des conflits pass\u00e9es ou pr\u00e9sents, qui souhaitent d\u00e9sormais amorcer une transition vers une nouvelle \u00e9tape de leur d\u00e9veloppement. Son objectif principal est de partager des exp\u00e9riences et de promouvoir une transformation de l&rsquo;engagement de la communaut\u00e9 internationale dans les \u00c9tats fragiles et en conflit. <\/p>\n<\/div><\/div>\n\n\n\n<div class=\"wp-block-group column-3\"><div class=\"wp-block-group__inner-container is-layout-flow wp-block-group-is-layout-flow\">\n<figure class=\"wp-block-image size-large image\"><img loading=\"lazy\" decoding=\"async\" width=\"80\" height=\"80\" src=\"https:\/\/www.pbsbdialogue.org\/wp-content\/uploads\/2023\/05\/logo-incaf.svg\" alt=\"\" class=\"wp-image-170\"\/><\/figure>\n\n\n\n<h3 class=\"wp-block-heading head\"><a href=\"http:\/\/www.oecd.org\/dac\/conflict-fragility-resilience\/conflict-fragility\/\" target=\"_blank\" rel=\"noopener\">INCAF<\/a><\/h3>\n\n\n\n<p class=\"text\">Le R\u00e9seau international sur les conflits et la fragilit\u00e9 (INCAF), un sous-ensemble du Comit\u00e9 d&rsquo;aide au d\u00e9veloppement de l&rsquo;OCDE (DAC), est un forum qui aide les partenaires de d\u00e9veloppement ainsi que les organisations internationales \u00e0 adresser la fragilit\u00e9 et r\u00e9pondre aux conflits, en d\u00e9veloppant des politiques et des programmes \u00e0 la pointe de l\u2019innovation.<\/p>\n<\/div><\/div>\n\n<\/div>\n\t\t<\/div>\n\t<\/section>\n<style>\n\t#block_070daadd4c93f9204db61f84b0dc65f9 {\n\t\tpadding-top: 1.5rem; \n\n\t}\n\n\t@media (min-width: 768px) { \n\t\t#block_070daadd4c93f9204db61f84b0dc65f9 {\n\t\t\tpadding-top: 2.5rem; \n\n\t\t}\n\t}\n<\/style>\n\n\n<section id=\"block_d9070a1a5af2076eb92faa72d6d485cb\" class=\"block acf-block block-co-chairs   show-on-scroll\">\n\t<div class=\"container\">\n\t\t<div class=\"acf-innerblocks-container\">\n\n<p class=\"text-t1\">Les deux copr\u00e9sidents \u0153uvrent \u00e0 repr\u00e9senter les \u00c9tats fragiles et les partenaires de d\u00e9veloppement, en offrant une direction strat\u00e9gique et un leadership pour le Dialogue.<\/p>\n\n\n\n<figure class=\"wp-block-image size-full is-resized imgleft\"><img loading=\"lazy\" decoding=\"async\" width=\"477\" height=\"564\" src=\"https:\/\/www.pbsbdialogue.org\/wp-content\/uploads\/2023\/09\/Kenyeh-Barlay-1.jpg\" alt=\"\" class=\"wp-image-613\" style=\"width:131px;height:155px\" srcset=\"https:\/\/www.pbsbdialogue.org\/wp-content\/uploads\/2023\/09\/Kenyeh-Barlay-1.jpg 477w, https:\/\/www.pbsbdialogue.org\/wp-content\/uploads\/2023\/09\/Kenyeh-Barlay-1-254x300.jpg 254w\" sizes=\"auto, (max-width: 477px) 100vw, 477px\" \/><\/figure>\n\n\n\n<h3 class=\"wp-block-heading headleft\"><br>H.E. Kenyah Barlay<\/h3>\n\n\n\n<p class=\"bioleft\">Ministre de la Planification et du D\u00e9veloppement \u00e9conomique, Sierra Leone, co-pr\u00e9sidente du Dialogue International et pr\u00e9sident du groupe g7+ des \u00c9tats fragiles.<\/p>\n\n\n\n<div class=\"wp-block-buttons readmoreleft is-layout-flex wp-block-buttons-is-layout-flex\">\n<div class=\"wp-block-button\"><a class=\"wp-block-button__link wp-element-button\" href=\"https:\/\/www.pbsbdialogue.org\/fr\/co-chair\/#Kenye-Barlay\">LIRE LA BIOGRAPHIE COMPL\u00c8TE<\/a><\/div>\n<\/div>\n\n\n\n<h3 class=\"wp-block-heading headright\">La Suisse assure la copr\u00e9sidence par int\u00e9rim de l\u2019IDPS.<\/h3>\n\n\n\n<p class=\"bioright\"><\/p>\n\n\n\n<div class=\"wp-block-buttons readmoreright is-layout-flex wp-block-buttons-is-layout-flex\">\n<div class=\"wp-block-button\"><a class=\"wp-block-button__link wp-element-button\" href=\"https:\/\/www.pbsbdialogue.org\/fr\/co-chair\/#switzerland\">LIRE LA BIOGRAPHIE COMPL\u00c8TE<\/a><\/div>\n<\/div>\n\n<\/div>\n\t<\/div>\n<\/section>\n\n\n\n<section id=\"block_bcec4ec16d6e8900ff1aea88692b4e25\" class=\"block acf-block block-content-image block-type-right disable-head show-on-scroll\">\n\t<div class=\"container\">\n\t\t<div class=\"acf-innerblocks-container\">\n\n<figure class=\"wp-block-image size-large is-resized image\"><img loading=\"lazy\" decoding=\"async\" width=\"1024\" height=\"768\" src=\"https:\/\/www.pbsbdialogue.org\/wp-content\/uploads\/2023\/09\/photo-1583960222763-26b2e0e9db96-1024x768.webp\" alt=\"\" class=\"wp-image-832\" style=\"width:369px;height:277px\" srcset=\"https:\/\/www.pbsbdialogue.org\/wp-content\/uploads\/2023\/09\/photo-1583960222763-26b2e0e9db96-1024x768.webp 1024w, https:\/\/www.pbsbdialogue.org\/wp-content\/uploads\/2023\/09\/photo-1583960222763-26b2e0e9db96-300x225.webp 300w, https:\/\/www.pbsbdialogue.org\/wp-content\/uploads\/2023\/09\/photo-1583960222763-26b2e0e9db96-768x576.webp 768w, https:\/\/www.pbsbdialogue.org\/wp-content\/uploads\/2023\/09\/photo-1583960222763-26b2e0e9db96-1536x1152.webp 1536w, https:\/\/www.pbsbdialogue.org\/wp-content\/uploads\/2023\/09\/photo-1583960222763-26b2e0e9db96.webp 1674w\" sizes=\"auto, (max-width: 1024px) 100vw, 1024px\" \/><\/figure>\n\n\n\n<h2 class=\"wp-block-heading name\">Heading text&#8230;<\/h2>\n\n\n\n<p class=\"text-t1\">Le Secr\u00e9tariat de l\u2019IDPS est h\u00e9berg\u00e9 par le Centre de gouvernance, d\u2019\u00e9tat de droit et de consolidation de la paix (GRP) du Programme des Nations Unies pour le d\u00e9veloppement (PNUD).<\/p>\n\n\n\n<p class=\"text-t2\">Le PNUD aide les pays \u00e0 anticiper, pr\u00e9venir, r\u00e9pondre et se relever des crises, chaque jour et dans tous les contextes de d\u00e9veloppement. Alors que le monde est confront\u00e9 \u00e0 une mont\u00e9e des conflits violents, aux impacts de la crise climatique, \u00e0 une m\u00e9fiance croissante envers les institutions et \u00e0 la plus forte baisse du d\u00e9veloppement humain depuis des d\u00e9cennies, nous renfor\u00e7ons notre offre d\u2019aide aux pays en crise. Aujourd\u2019hui, nous nous effor\u00e7ons de briser le cycle de la fragilit\u00e9, de devancer la courbe de la crise et d\u2019investir dans l\u2019espoir \u2013 de l\u2019emploi \u00e0 la justice \u2013 en temps de crise.  <\/p>\n\n\n\n<div class=\"wp-block-buttons cta is-layout-flex wp-block-buttons-is-layout-flex\">\n<div class=\"wp-block-button\"><a class=\"wp-block-button__link wp-element-button\" href=\"https:\/\/www.undp.org\/\" target=\"_blank\" rel=\"noreferrer noopener\">Pour en savoir plus<\/a><\/div>\n<\/div>\n\n<\/div>\n\n\t<\/div>\n<\/section>\n\n\n<section id=\"block_cfec57782e1965a93193a9569954cd70\" class=\"block acf-block block-focus-areas   show-on-scroll\">\n\t<div class=\"background\"><\/div>\n\t<div class=\"container\">\n\t\t<div class=\"acf-innerblocks-container\">\n\n<h2 class=\"wp-block-heading head\">Domaines d&rsquo;intervention<\/h2>\n\n\n\n<p class=\"lead\">En 2022, une nouvelle phase du Dialogue international sur la consolidation de la paix et le renforcement de l&rsquo;\u00c9tat a \u00e9t\u00e9 amorc\u00e9e, le PNUD prenant en charge les fonctions de Secr\u00e9tariat jusqu&rsquo;en 2024.<\/p>\n\n\n\n<p class=\"text\">En s\u2019appuyant sur les Objectifs de Consolidation de Paix et de Renforcement de l&rsquo;\u00c9tat qui constituent le fondement crucial de notre engagement dans les \u00c9tats fragiles et en conflit, et au regard des d\u00e9fis actuels concernant la consolidation de la paix et le renforcement de l&rsquo;\u00c9tat, l\u2019IDPS a identifi\u00e9 trois domaines prioritaires d\u2019engagement en 2022-2024.<\/p>\n\n\n\n<div class=\"wp-block-group inner-grid\"><div class=\"wp-block-group__inner-container is-layout-flow wp-block-group-is-layout-flow\">\n<figure class=\"wp-block-image size-large focus-image-1\"><img loading=\"lazy\" decoding=\"async\" width=\"64\" height=\"65\" src=\"https:\/\/www.pbsbdialogue.org\/wp-content\/uploads\/2023\/05\/visual-icon-1.svg\" alt=\"\" class=\"wp-image-137\"\/><\/figure>\n\n\n\n<p class=\"focus-text-1\">Conflit, d\u00e9veloppement et l\u2019avenir de la consolidation de la paix<\/p>\n\n\n\n<figure class=\"wp-block-image size-large focus-image-2\"><img loading=\"lazy\" decoding=\"async\" width=\"65\" height=\"65\" src=\"https:\/\/www.pbsbdialogue.org\/wp-content\/uploads\/2023\/05\/visual-icon-2.svg\" alt=\"\" class=\"wp-image-138\"\/><\/figure>\n\n\n\n<p class=\"focus-text-2\">Accro\u00eetre l&rsquo;engagement des pays dans les principaux agendas politiques mondiaux<\/p>\n\n\n\n<figure class=\"wp-block-image size-large focus-image-3\"><img loading=\"lazy\" decoding=\"async\" width=\"64\" height=\"65\" src=\"https:\/\/www.pbsbdialogue.org\/wp-content\/uploads\/2023\/05\/visual-icon-3.svg\" alt=\"\" class=\"wp-image-139\"\/><\/figure>\n\n\n\n<p class=\"focus-text-3\">Des ressources en faveur de la paix<\/p>\n<\/div><\/div>\n\n\n\n<h4 class=\"wp-block-heading subhead\">L&rsquo;IDPS soutient la mise en \u0153uvre de cette vision \u00e0 travers :<\/h4>\n\n\n\n<ul class=\"wp-block-list list\">\n<li>L\u2019organisation de r\u00e9unions de haut niveau et d\u2019actions de plaidoyer en s\u2019appuyant sur les espaces politiques d\u00e9j\u00e0 \u00e9tablis, tout en utilisant la plateforme IDPS comme espace politique \u00e0 part enti\u00e8re.<\/li>\n\n\n\n<li>L\u2019organisation d\u2019\u00e9changes multi-pays afin promouvoir le partage d\u2019exp\u00e9riences dans le cadre de la collaboration Sud-Sud et triangulaire.<\/li>\n\n\n\n<li>L\u2019organisation de dialogues nationaux afin de traduire la vision et l\u2019agenda politique de l\u2019IDPS en actions concr\u00e8tes sur le terrain.<\/li>\n\n\n\n<li>Le soutien au renforcement des capacit\u00e9s des membres ainsi que des partenaires de l\u2019IDPS afin d\u2019assurer une mise en \u0153uvre efficace et inclusive des agendas de de consolidation de la paix et le renforcement de l\u2019\u00c9tat.<\/li>\n<\/ul>\n\n\n\n<div class=\"wp-block-buttons readmoreright is-layout-flex wp-block-buttons-is-layout-flex\">\n<div class=\"wp-block-button\"><a class=\"wp-block-button__link wp-element-button\" href=\"https:\/\/www.pbsbdialogue.org\/fr\/notre-travail\/\">Pour en savoir plus<\/a><\/div>\n<\/div>\n\n<\/div>\n\t<\/div>\n<\/section>\n","protected":false},"excerpt":{"rendered":"","protected":false},"author":3,"featured_media":0,"parent":0,"menu_order":0,"comment_status":"closed","ping_status":"closed","template":"","meta":{"_acf_changed":false,"inline_featured_image":false,"footnotes":""},"class_list":["post-994","page","type-page","status-publish","hentry"],"acf":[],"_links":{"self":[{"href":"https:\/\/www.pbsbdialogue.org\/fr\/wp-json\/wp\/v2\/pages\/994","targetHints":{"allow":["GET"]}}],"collection":[{"href":"https:\/\/www.pbsbdialogue.org\/fr\/wp-json\/wp\/v2\/pages"}],"about":[{"href":"https:\/\/www.pbsbdialogue.org\/fr\/wp-json\/wp\/v2\/types\/page"}],"author":[{"embeddable":true,"href":"https:\/\/www.pbsbdialogue.org\/fr\/wp-json\/wp\/v2\/users\/3"}],"replies":[{"embeddable":true,"href":"https:\/\/www.pbsbdialogue.org\/fr\/wp-json\/wp\/v2\/comments?post=994"}],"version-history":[{"count":7,"href":"https:\/\/www.pbsbdialogue.org\/fr\/wp-json\/wp\/v2\/pages\/994\/revisions"}],"predecessor-version":[{"id":1102,"href":"https:\/\/www.pbsbdialogue.org\/fr\/wp-json\/wp\/v2\/pages\/994\/revisions\/1102"}],"wp:attachment":[{"href":"https:\/\/www.pbsbdialogue.org\/fr\/wp-json\/wp\/v2\/media?parent=994"}],"curies":[{"name":"wp","href":"https:\/\/api.w.org\/{rel}","templated":true}]}}