{"id":599,"date":"2023-05-30T09:27:00","date_gmt":"2023-05-30T09:27:00","guid":{"rendered":"https:\/\/www.pbsbdialogue.org\/page-daccueil\/"},"modified":"2025-01-27T16:29:03","modified_gmt":"2025-01-27T16:29:03","slug":"page-daccueil","status":"publish","type":"page","link":"https:\/\/www.pbsbdialogue.org\/fr\/","title":{"rendered":"Page d&rsquo;accueil"},"content":{"rendered":"<section id=\"block_8e91d091bc4dd8c0e3bf4d4ccbb993da\" class=\"block acf-block block-hero hero-type-main buttons-light   show-on-scroll\">\n\t<div class=\"container\">\n\t\t<div class=\"acf-innerblocks-container\">\n\n<h1 class=\"wp-block-heading head\">Le Dialogue International pour la Consolidation de la Paix et le Renforcement de l&rsquo;\u00c9tat<\/h1>\n\n\n\n<p class=\"subhead\">Le premier forum de dialogue politique r\u00e9unissant les pays touch\u00e9s par les conflits et la fragilit\u00e9, les partenaires de d\u00e9veloppement et la soci\u00e9t\u00e9 civile.<\/p>\n\n\n\n<div class=\"wp-block-buttons head-cta is-layout-flex wp-block-buttons-is-layout-flex\">\n<div class=\"wp-block-button\"><a class=\"wp-block-button__link wp-element-button\" href=\".\/about-idps\" rel=\"head-cta\">Pour en savoir plus<\/a><\/div>\n<\/div>\n\n<\/div>\n\t<\/div>\n<\/section>\n<style>\n\t#block_8e91d091bc4dd8c0e3bf4d4ccbb993da {\n\t\tbackground-image: url(\"https:\/\/www.pbsbdialogue.org\/wp-content\/uploads\/2024\/06\/Homepage-1-9-e1718051017251.png\");\n\t}\n<\/style>\n\n<section id=\"block_fc8d5c5249e8316131f0ab9a4201d7e9\" class=\"block acf-block block-highlights   show-on-scroll\">\n\t<div class=\"container\">\n\t\t<h2>Actualit\u00e9s \u00e0 la une\t\t\t\n\t\t<\/h2>\n\t\t\t\t\t<div class=\"slider\">\n\t\t\t\t\t\t\t\t\t<div class=\"slide\" style=\"background-image: url(https:\/\/www.pbsbdialogue.org\/wp-content\/uploads\/2024\/05\/IMG_6799-528x444.jpg);\">\n\t\t\t\t\t\t<div class=\"badge\">\u00c9v\u00e8nement<\/div>\n\t\t\t\t\t\t<div class=\"overlay\">\n\t\t\t\t\t\t\t<h4>\u00e9change sur l\u2019agenda Jeunesse, la Paix et la S\u00e9curit\u00e9<\/h4>\n\t\t\t\t\t\t<\/div>\n\t\t\t\t\t\t<a href=\"https:\/\/www.pbsbdialogue.org\/fr\/echange-sur-lagenda-jeunesse-la-paix-et-la-securite\/\"><\/a>\n\t\t\t\t\t<\/div>\n\n\t\t\t\t\t\t\t\t\t\t<div class=\"slide\" style=\"background-image: url(https:\/\/www.pbsbdialogue.org\/wp-content\/uploads\/2024\/05\/Ghana-1-528x392.jpg);\">\n\t\t\t\t\t\t<div class=\"badge\">\u00c9v\u00e8nement<\/div>\n\t\t\t\t\t\t<div class=\"overlay\">\n\t\t\t\t\t\t\t<h4>Dialogue R\u00e9gional sur l&#039;Afrique de l\u2019Ouest C\u00f4ti\u00e8re<\/h4>\n\t\t\t\t\t\t<\/div>\n\t\t\t\t\t\t<a href=\"https:\/\/www.pbsbdialogue.org\/fr\/dialogue-regional-sur-lafrique-de-louest-cotiere\/\"><\/a>\n\t\t\t\t\t<\/div>\n\n\t\t\t\t\t\t\t\t\t\t<div class=\"slide\" style=\"background-image: url(https:\/\/www.pbsbdialogue.org\/wp-content\/uploads\/2023\/09\/SDG-summit-UN-HQ-528x444.jpg);\">\n\t\t\t\t\t\t<div class=\"badge\">Politique<\/div>\n\t\t\t\t\t\t<div class=\"overlay\">\n\t\t\t\t\t\t\t<h4>Lancement : D\u00e9claration Conjointe de L\u2019IDPS- &quot;Inverser la tendance en faveur de soci\u00e9t\u00e9s pacifiques, justes et inclusives\u2019<\/h4>\n\t\t\t\t\t\t<\/div>\n\t\t\t\t\t\t<a href=\"https:\/\/www.pbsbdialogue.org\/fr\/lancement-declaration-conjointe-de-lidps-inverser-la-tendance-en-faveur-de-societes-pacifiques-justes-et-inclusives\/\"><\/a>\n\t\t\t\t\t<\/div>\n\n\t\t\t\t\t\t\t\t\t\t<div class=\"slide\" style=\"background-image: url(https:\/\/www.pbsbdialogue.org\/wp-content\/uploads\/2023\/09\/SDG-event-1-528x444.jpg);\">\n\t\t\t\t\t\t<div class=\"badge\">\u00c9v\u00e8nement<\/div>\n\t\t\t\t\t\t<div class=\"overlay\">\n\t\t\t\t\t\t\t<h4>Session de haut niveau : Acc\u00e9l\u00e9rer les progr\u00e8s vers l&#039;ODD 16<\/h4>\n\t\t\t\t\t\t<\/div>\n\t\t\t\t\t\t<a href=\"https:\/\/www.pbsbdialogue.org\/fr\/session-de-haut-niveau-accelerer-les-progres-vers-lodd-16\/\"><\/a>\n\t\t\t\t\t<\/div>\n\n\t\t\t\t\t\t\t\t<\/div>\n\t\t\t\t<\/div>\n<\/section>\n\n<section id=\"block_6f2ff288e6e6ee5640fc5fc91ee6fce8\" class=\"block acf-block block-content-accented-onecol  show-on-scroll\">\n\t<div class=\"background\"><\/div>\n\t<div class=\"container\">\n\t\t<div class=\"acf-innerblocks-container\">\n\n<h2 class=\"wp-block-heading\">\u00c0 propos de la plateforme de l\u2019IDPS<\/h2>\n\n\n\n<p class=\"text-t1\">\u00c0 travers sa plateforme, L\u2019IDPS vise \u00e0 impulser une nouvelle dynamique politique en faveur du changement et de la confiance.<\/p>\n\n\n\n<p class=\"text-t2\">En r\u00e9unissant les pays fragiles et en conflit, les partenaires du d\u00e9veloppement ainsi que les repr\u00e9sentants de la soci\u00e9t\u00e9 civile, la plateforme contribue \u00e0 renouveler les modalit\u00e9s de collaboration entre partenaires nationaux et internationaux. Son ambition est de promouvoir la consolidation de la paix et le renforcement de l\u2019\u00c9tat, tout en soutenant les trajectoires de sortie de crises et de la fragilit\u00e9 pilot\u00e9es par les pays.<br\/>Le Dialogue International r\u00e9unit les membres du R\u00e9seau international sur les conflits et la fragilit\u00e9 (<a href=\"http:\/\/www.oecd.org\/dac\/conflict-fragility-resilience\/conflict-fragility\/\" target=\"_blank\" rel=\"noopener\">INCAF<\/a>), le groupe<a href=\"http:\/\/www.g7plus.org\/\" target=\"_blank\" rel=\"noopener\"> g7+<\/a> compos\u00e9 de repr\u00e9sentants d\u2019\u00c9tats fragiles et touch\u00e9s par les conflits, ainsi que les organisations membres de la Plateforme de la Soci\u00e9t\u00e9 Civile pour la Consolidation de la Paix et le Renforcement de l\u2019\u00c9tat (<a href=\"http:\/\/www.oecd.org\/dac\/conflict-fragility-resilience\/conflict-fragility\/\" target=\"_blank\" rel=\"noopener\">CSPPS<\/a>). Le Secr\u00e9tariat de l\u2019IDPS est h\u00e9berg\u00e9 par le Programme des Nations Unies pour le D\u00e9veloppement ( PNUD) .<\/p>\n\n\n\n<div class=\"wp-block-buttons is-layout-flex wp-block-buttons-is-layout-flex\">\n<div class=\"wp-block-button\"><a class=\"wp-block-button__link wp-element-button\" href=\".\/about-idps\">Pour en savoir plus<\/a><\/div>\n<\/div>\n\n<\/div>\n\t<\/div>\n<\/section>\n\n<section id=\"block_bce49f8826efb3b015779ac9299e570a\" class=\"block acf-block block-content-image block-type-right-v2 test show-on-scroll\">\n\t<div class=\"container\">\n\t\t<div class=\"acf-innerblocks-container\">\n\n<figure class=\"wp-block-image size-large image\"><img loading=\"lazy\" decoding=\"async\" width=\"367\" height=\"415\" src=\"https:\/\/www.pbsbdialogue.org\/wp-content\/uploads\/2023\/06\/partners.svg\" alt=\"\" class=\"wp-image-303\"\/><\/figure>\n\n\n\n<h2 class=\"wp-block-heading name\">Composition de l\u2019IDPS<\/h2>\n\n\n\n<p class=\"text-t1\">\u00c0 travers sa plateforme, L\u2019IDPS vise \u00e0 impulser une nouvelle dynamique politique en faveur du changement et de la confiance.<\/p>\n\n\n\n<p class=\"text-t2\">Le Dialogue International est compos\u00e9 des membres du R\u00e9seau international sur les conflits et la fragilit\u00e9 (INCAF), du groupe G7+ repr\u00e9sentant les \u00c9tats fragiles et touch\u00e9s par les conflits, ainsi que des organisations membres de la Plate-forme de la soci\u00e9t\u00e9 civile pour la consolidation de la paix et le renforcement de l&rsquo;\u00c9tat (CSPPS).<\/p>\n\n\n\n<div class=\"wp-block-buttons cta is-layout-flex wp-block-buttons-is-layout-flex\">\n<div class=\"wp-block-button\"><a class=\"wp-block-button__link wp-element-button\" href=\".\/about-idps\/#our-structure\">Pour en savoir plus<\/a><\/div>\n<\/div>\n\n<\/div>\n\n\t<\/div>\n<\/section>\n<style>\n\t@media (min-width: 768px) { \n\t\t#block_bce49f8826efb3b015779ac9299e570a {\n\t\t\tpadding-top: 5.321rem; \n\t\t\tpadding-bottom: 4rem; \n\n\t\t}\n\t}\n<\/style>","protected":false},"excerpt":{"rendered":"","protected":false},"author":3,"featured_media":0,"parent":0,"menu_order":0,"comment_status":"closed","ping_status":"closed","template":"","meta":{"_acf_changed":false,"inline_featured_image":false,"footnotes":""},"class_list":["post-599","page","type-page","status-publish","hentry"],"acf":[],"_links":{"self":[{"href":"https:\/\/www.pbsbdialogue.org\/fr\/wp-json\/wp\/v2\/pages\/599","targetHints":{"allow":["GET"]}}],"collection":[{"href":"https:\/\/www.pbsbdialogue.org\/fr\/wp-json\/wp\/v2\/pages"}],"about":[{"href":"https:\/\/www.pbsbdialogue.org\/fr\/wp-json\/wp\/v2\/types\/page"}],"author":[{"embeddable":true,"href":"https:\/\/www.pbsbdialogue.org\/fr\/wp-json\/wp\/v2\/users\/3"}],"replies":[{"embeddable":true,"href":"https:\/\/www.pbsbdialogue.org\/fr\/wp-json\/wp\/v2\/comments?post=599"}],"version-history":[{"count":27,"href":"https:\/\/www.pbsbdialogue.org\/fr\/wp-json\/wp\/v2\/pages\/599\/revisions"}],"predecessor-version":[{"id":1041,"href":"https:\/\/www.pbsbdialogue.org\/fr\/wp-json\/wp\/v2\/pages\/599\/revisions\/1041"}],"wp:attachment":[{"href":"https:\/\/www.pbsbdialogue.org\/fr\/wp-json\/wp\/v2\/media?parent=599"}],"curies":[{"name":"wp","href":"https:\/\/api.w.org\/{rel}","templated":true}]}}