{"id":1063,"date":"2023-09-14T08:45:11","date_gmt":"2023-09-14T08:45:11","guid":{"rendered":"https:\/\/www.pbsbdialogue.org\/mise-en-oeuvre-du-new-deal-progres-au-niveau-national\/"},"modified":"2025-01-28T06:37:34","modified_gmt":"2025-01-28T06:37:34","slug":"mise-en-oeuvre-du-new-deal-progres-au-niveau-national","status":"publish","type":"page","link":"https:\/\/www.pbsbdialogue.org\/fr\/mise-en-oeuvre-du-new-deal-progres-au-niveau-national\/","title":{"rendered":"MISE EN \u0152UVRE DU NEW DEAL- PROGR\u00c8S AU NIVEAU NATIONAL"},"content":{"rendered":"<section id=\"block_9aeee408cbdcbf808638a6d40e6667e0\" class=\"block acf-block block-hero hero-type-reg buttons-light   show-on-scroll\">\n\t<div class=\"container\">\n\t\t<div class=\"acf-innerblocks-container\">\n\n<h1 class=\"wp-block-heading head\">MISE EN \u0152UVRE DU NEW DEAL- PROGR\u00c8S AU NIVEAU NATIONAL<br\/><\/h1>\n\n\n\n<p class=\"subhead\">La carte ci-dessous donne un aper\u00e7u de la mise en \u0153uvre du New Deal. Vous pouvez survoler les diff\u00e9rents pays mis en \u00e9vidence pour en savoir plus sur leurs efforts de mise en \u0153uvre actuels.<\/p>\n\n\n\n<div class=\"wp-block-buttons hero-cta is-layout-flex wp-block-buttons-is-layout-flex\"><\/div>\n\n<\/div>\n\t<\/div>\n<\/section>\n<style>\n\t#block_9aeee408cbdcbf808638a6d40e6667e0 {\n\t\tbackground-image: url(\"https:\/\/www.pbsbdialogue.org\/wp-content\/themes\/idps-theme\/blocks\/Hero\/assets\/img\/hero.png\");\n\t}\n<\/style>\n<section class=\"block core-paragraph\"><div class=\"container\">\n<p>Vous pouvez \u00e9galement cliquer sur un pays pour en savoir plus sur son engagement dans le Dialogue International et le New Deal.<\/p>\n<\/div><\/section><section class=\"block core-html\"><div class=\"container\">\n<iframe loading=\"lazy\" frameborder=\"0\" marginheight=\"0\" marginwidth=\"0\" title=\"Data Visualization\" allowtransparency=\"true\" allowfullscreen=\"true\" class=\"tableauViz\" width=\"994\" height=\"397\" style=\"display: block; margin: 0px; padding: 0px; border: none; width: 990px; height: 355px;\" src=\"https:\/\/public.tableau.com\/views\/g7plusMap\/Dashboard1?:embed=y&#038;:showVizHome=no&#038;:host_url=https%3A%2F%2Fpublic.tableau.com%2F&#038;:tabs=no&#038;:toolbar=no&#038;:animate_transition=yes&#038;:display_static_image=no&#038;:display_spinner=no&#038;:display_overlay=yes&#038;:display_count=no&#038;:showVizHome=no&#038;:showTabs=n&#038;:loadOrderID=0\"><\/iframe>\n<\/div><\/section>","protected":false},"excerpt":{"rendered":"<p>Vous pouvez \u00e9galement cliquer sur un pays pour en savoir plus sur son engagement dans le Dialogue International et le &hellip;<\/p>\n","protected":false},"author":3,"featured_media":0,"parent":0,"menu_order":0,"comment_status":"closed","ping_status":"closed","template":"","meta":{"_acf_changed":false,"inline_featured_image":false,"footnotes":""},"class_list":["post-1063","page","type-page","status-publish","hentry"],"acf":[],"_links":{"self":[{"href":"https:\/\/www.pbsbdialogue.org\/fr\/wp-json\/wp\/v2\/pages\/1063","targetHints":{"allow":["GET"]}}],"collection":[{"href":"https:\/\/www.pbsbdialogue.org\/fr\/wp-json\/wp\/v2\/pages"}],"about":[{"href":"https:\/\/www.pbsbdialogue.org\/fr\/wp-json\/wp\/v2\/types\/page"}],"author":[{"embeddable":true,"href":"https:\/\/www.pbsbdialogue.org\/fr\/wp-json\/wp\/v2\/users\/3"}],"replies":[{"embeddable":true,"href":"https:\/\/www.pbsbdialogue.org\/fr\/wp-json\/wp\/v2\/comments?post=1063"}],"version-history":[{"count":1,"href":"https:\/\/www.pbsbdialogue.org\/fr\/wp-json\/wp\/v2\/pages\/1063\/revisions"}],"predecessor-version":[{"id":1064,"href":"https:\/\/www.pbsbdialogue.org\/fr\/wp-json\/wp\/v2\/pages\/1063\/revisions\/1064"}],"wp:attachment":[{"href":"https:\/\/www.pbsbdialogue.org\/fr\/wp-json\/wp\/v2\/media?parent=1063"}],"curies":[{"name":"wp","href":"https:\/\/api.w.org\/{rel}","templated":true}]}}