{"id":1061,"date":"2023-09-14T08:37:58","date_gmt":"2023-09-14T08:37:58","guid":{"rendered":"https:\/\/www.pbsbdialogue.org\/pays-et-organisations-signataires\/"},"modified":"2025-01-28T11:27:53","modified_gmt":"2025-01-28T11:27:53","slug":"pays-et-organisations-signataires","status":"publish","type":"page","link":"https:\/\/www.pbsbdialogue.org\/fr\/pays-et-organisations-signataires\/","title":{"rendered":"Pays et Organisations Signataires"},"content":{"rendered":"<section id=\"block_1bdcaae4000c822b32034236f2d4a7ff\" class=\"block acf-block block-hero hero-type-reg buttons-light   show-on-scroll\">\n\t<div class=\"container\">\n\t\t<div class=\"acf-innerblocks-container\">\n\n<h1 class=\"wp-block-heading head\">Pays et Organisations Signataires<\/h1>\n\n\n\n<p class=\"subhead\"><\/p>\n\n\n\n<div class=\"wp-block-buttons hero-cta is-layout-flex wp-block-buttons-is-layout-flex\"><\/div>\n\n<\/div>\n\t<\/div>\n<\/section>\n<style>\n\t#block_1bdcaae4000c822b32034236f2d4a7ff {\n\t\tbackground-image: url(\"https:\/\/www.pbsbdialogue.org\/wp-content\/themes\/idps-theme\/blocks\/Hero\/assets\/img\/hero.png\");\n\t}\n<\/style>\n<section class=\"block core-paragraph\"><div class=\"container\">\n<p>Le New Deal est un accord fondamental sign\u00e9 entre les pays fragiles et en conflits, les partenaires de d\u00e9veloppement et la soci\u00e9t\u00e9 civile, visant \u00e0 am\u00e9liorer les politiques de d\u00e9veloppement ainsi que leur mise-en \u0153uvre dans les \u00e9tats fragiles et en conflits. L&rsquo;accord a \u00e9t\u00e9 \u00e9labor\u00e9 dans le cadre du Dialogue International et a \u00e9t\u00e9 ratifi\u00e9 par plus de 40 pays et organisations lors du<a href=\"http:\/\/www.oecd.org\/dac\/effectiveness\/fourthhighlevelforumonaideffectiveness.htm\" target=\"_blank\" rel=\"noopener\"> 4e Forum de Haut Niveau sur l&rsquo;efficacit\u00e9<\/a> de l&rsquo;aide, qui s&rsquo;est tenu \u00e0 Busan, en Cor\u00e9e du Sud, le 30 novembre 2011.<\/p>\n<\/div><\/section><section class=\"block core-paragraph\"><div class=\"container\">\n<p>\u00c0 ce jour, 47 pays et organisations ont ratifi\u00e9 le New Deal.<\/p>\n<\/div><\/section><section class=\"block core-image\"><div class=\"container\">\n<figure class=\"wp-block-image size-full\"><img loading=\"lazy\" decoding=\"async\" width=\"750\" height=\"462\" src=\"https:\/\/www.pbsbdialogue.org\/wp-content\/uploads\/2023\/09\/countriesorgs_nd_dec_23png__750x462_q85_crop_subsampling-2_upscale.png__750x462_q85_crop_subsampling-2_upscale.png\" alt=\"\" class=\"wp-image-788\" srcset=\"https:\/\/www.pbsbdialogue.org\/wp-content\/uploads\/2023\/09\/countriesorgs_nd_dec_23png__750x462_q85_crop_subsampling-2_upscale.png__750x462_q85_crop_subsampling-2_upscale.png 750w, https:\/\/www.pbsbdialogue.org\/wp-content\/uploads\/2023\/09\/countriesorgs_nd_dec_23png__750x462_q85_crop_subsampling-2_upscale.png__750x462_q85_crop_subsampling-2_upscale-300x185.png 300w\" sizes=\"auto, (max-width: 750px) 100vw, 750px\" \/><\/figure>\n<\/div><\/section><section class=\"block core-paragraph\"><div class=\"container\">\n<p><\/p>\n<\/div><\/section><section class=\"block core-table\"><div class=\"container\">\n<figure class=\"wp-block-table\"><table><tbody><tr><td>Afghanistan<\/td><td>Australie<\/td><td>Autriche<\/td><td>Belgique<\/td><td>Burundi<\/td><\/tr><tr><td>Canada<\/td><td>R\u00e9publique Centrafricaine<\/td><td>Tchad<\/td><td>Comores<\/td><td>C\u00f4te d&rsquo;Ivoire<\/td><\/tr><tr><td>R\u00e9publique D\u00e9mocratique du Congo<\/td><td>Danemark<\/td><td>Finlande<\/td><td>France<\/td><td>Allemagne<\/td><\/tr><tr><td>Guin\u00e9e<\/td><td>Guin\u00e9e-Bissau<\/td><td>Ha\u00efti<\/td><td>Irlande<\/td><td>Italie<\/td><\/tr><tr><td>Japon<\/td><td>Lib\u00e9ria<\/td><td>Luxembourg<\/td><td>Nouvelle-Z\u00e9lande<\/td><td>Norv\u00e8ge<\/td><\/tr><tr><td>Portugal<\/td><td>R\u00e9publique de Cor\u00e9e<\/td><td>Sierra Leone<\/td><td>\u00celes Salomon<\/td><td>Somalie<\/td><\/tr><tr><td>South Sudan<\/td><td>Spain<\/td><td>Sweden<\/td><td>Switzerland<\/td><td>The Netherlands<\/td><\/tr><tr><td>Timor-Leste<\/td><td>Togo<\/td><td>United Kingdom<\/td><td>Nations Unies<\/td><td>Yemen<\/td><\/tr><\/tbody><\/table><\/figure>\n<\/div><\/section><section class=\"block core-paragraph\"><div class=\"container\">\n<p><\/p>\n<\/div><\/section><section class=\"block core-table\"><div class=\"container\">\n<figure class=\"wp-block-table\"><table><tbody><tr><td>Banque Africaine de D\u00e9veloppement<\/td><td>Banque Asiatique de Development<\/td><td>Plateforme de la Soci\u00e9t\u00e9 Civile pour la Consolidation de la Paix et le Renforcement de l\u2019Etat<\/td><td>Union Europ\u00e9enne<\/td><td>Nations Unies<\/td><td>Banque Mondiale<\/td><\/tr><\/tbody><\/table><\/figure>\n<\/div><\/section>","protected":false},"excerpt":{"rendered":"<p>Le New Deal est un accord fondamental sign\u00e9 entre les pays fragiles et en conflits, les partenaires de d\u00e9veloppement et &hellip;<\/p>\n","protected":false},"author":3,"featured_media":0,"parent":0,"menu_order":0,"comment_status":"closed","ping_status":"closed","template":"","meta":{"_acf_changed":false,"inline_featured_image":false,"footnotes":""},"class_list":["post-1061","page","type-page","status-publish","hentry"],"acf":[],"_links":{"self":[{"href":"https:\/\/www.pbsbdialogue.org\/fr\/wp-json\/wp\/v2\/pages\/1061","targetHints":{"allow":["GET"]}}],"collection":[{"href":"https:\/\/www.pbsbdialogue.org\/fr\/wp-json\/wp\/v2\/pages"}],"about":[{"href":"https:\/\/www.pbsbdialogue.org\/fr\/wp-json\/wp\/v2\/types\/page"}],"author":[{"embeddable":true,"href":"https:\/\/www.pbsbdialogue.org\/fr\/wp-json\/wp\/v2\/users\/3"}],"replies":[{"embeddable":true,"href":"https:\/\/www.pbsbdialogue.org\/fr\/wp-json\/wp\/v2\/comments?post=1061"}],"version-history":[{"count":5,"href":"https:\/\/www.pbsbdialogue.org\/fr\/wp-json\/wp\/v2\/pages\/1061\/revisions"}],"predecessor-version":[{"id":1072,"href":"https:\/\/www.pbsbdialogue.org\/fr\/wp-json\/wp\/v2\/pages\/1061\/revisions\/1072"}],"wp:attachment":[{"href":"https:\/\/www.pbsbdialogue.org\/fr\/wp-json\/wp\/v2\/media?parent=1061"}],"curies":[{"name":"wp","href":"https:\/\/api.w.org\/{rel}","templated":true}]}}