{"id":1059,"date":"2023-09-14T08:22:17","date_gmt":"2023-09-14T08:22:17","guid":{"rendered":"https:\/\/www.pbsbdialogue.org\/les-principes-du-new-deal\/"},"modified":"2025-01-28T06:35:10","modified_gmt":"2025-01-28T06:35:10","slug":"les-principes-du-new-deal","status":"publish","type":"page","link":"https:\/\/www.pbsbdialogue.org\/fr\/les-principes-du-new-deal\/","title":{"rendered":"Les Principes du New Deal"},"content":{"rendered":"<section id=\"block_e0ea69970e264a08b62edd7ed5d13a38\" class=\"block acf-block block-hero hero-type-reg buttons-light   show-on-scroll\">\n\t<div class=\"container\">\n\t\t<div class=\"acf-innerblocks-container\">\n\n<h1 class=\"wp-block-heading head\">Les Principes du New Deal<\/h1>\n\n\n\n<p class=\"subhead\"><\/p>\n\n\n\n<div class=\"wp-block-buttons hero-cta is-layout-flex wp-block-buttons-is-layout-flex\"><\/div>\n\n<\/div>\n\t<\/div>\n<\/section>\n<style>\n\t#block_e0ea69970e264a08b62edd7ed5d13a38 {\n\t\tbackground-image: url(\"https:\/\/www.pbsbdialogue.org\/wp-content\/themes\/idps-theme\/blocks\/Hero\/assets\/img\/hero.png\");\n\t}\n<\/style>\n<section class=\"block core-heading\"><div class=\"container\">\n<h2 class=\"wp-block-heading\">Le New Deal comprends trois principes essentiels<\/h2>\n<\/div><\/section><section class=\"block core-list\"><div class=\"container\">\n<ol class=\"wp-block-list\">\n<li><strong>Les Cinq Objectifs de Consolidation de Paix et du Renforcement de l\u2019Etat ( PSGs)<\/strong>:<em> Les fondements de notre avenir <\/em><\/li>\n\n\n\n<li><strong>Les Principes FOCUS: <\/strong><em>pour une appropriation et gestion nationale des processus de sortie de la fragilit\u00e9<\/em><\/li>\n\n\n\n<li><strong>Les Principes TRUST :<\/strong><em> Un Engagement envers les r\u00e9sultats<\/em><\/li>\n<\/ol>\n<\/div><\/section><section class=\"block core-heading\"><div class=\"container\">\n<h2 class=\"wp-block-heading\">Les PSGs : Les fondements de notre avenir<\/h2>\n<\/div><\/section><section class=\"block core-paragraph\"><div class=\"container\">\n<p>Les membres du Dialogue International ont d\u00e9cid\u00e9 d&rsquo;utiliser les PSG comme fondation solide guidant leur engagement dans les \u00c9tats fragiles et touch\u00e9s par un conflit. Les cinq objectifs sont les suivants :<\/p>\n<\/div><\/section><section class=\"block core-list\"><div class=\"container\">\n<ol class=\"wp-block-list\">\n<li><strong>Des politiques fond\u00e9es sur la l\u00e9gitimit\u00e9<\/strong> : Encourager des accords politiques et des processus de r\u00e9solution des conflits inclusifs.<\/li>\n\n\n\n<li><strong>La s\u00e9curit\u00e9 : <\/strong>\u00c9tablir et renforcer la s\u00e9curit\u00e9 des personnes.<\/li>\n\n\n\n<li><strong>La justice<\/strong> : Rem\u00e9dier aux injustices et am\u00e9liorer l&rsquo;acc\u00e8s des personnes \u00e0 la justice.<\/li>\n\n\n\n<li><strong>Fondements \u00e9conomiques :<\/strong> Cr\u00e9er des emplois et am\u00e9liorer les moyens de subsistance.<\/li>\n\n\n\n<li><strong>Revenus et services :<\/strong> G\u00e9rer les revenus et renforcer les capacit\u00e9s en vue d\u2019une prestation de services responsable et \u00e9quitable.<\/li>\n<\/ol>\n<\/div><\/section><section class=\"block core-heading\"><div class=\"container\">\n<h2 class=\"wp-block-heading\">LES PRINCIPES FOCUS : Les trajectoires de sortie de la fragilit\u00e9 pilot\u00e9es par les pays.<\/h2>\n<\/div><\/section><section class=\"block core-paragraph\"><div class=\"container\">\n<p>Les membres du Dialogue International ont convenu de se focaliser ( FOCUS) sur de nouvelles mani\u00e8res de collaborer avec les \u00c9tats fragiles et touch\u00e9s par un conflit, notamment sur les points suivants :<br\/><strong>L\u2019\u00c9valuation de fragilit\u00e9 <\/strong><br\/>R\u00e9aliser une \u00e9valuation p\u00e9riodique des causes et des caract\u00e9ristiques de la fragilit\u00e9 et des facteurs de r\u00e9silience, dirig\u00e9e par le pays, qui servira de base \u00e0 la strat\u00e9gie <br\/><br\/> \u00ab une vision, un plan \u00bb. L&rsquo;\u00e9valuation devrait inclure les principales parties prenantes nationales ainsi que les acteurs non \u00e9tatiques et s&rsquo;appuyer sur une m\u00e9thodologie harmonis\u00e9e, comprenant un spectre de fragilit\u00e9, \u00e9labor\u00e9e par le G7+ et soutenue par les partenaires internationaux.<\/p>\n<\/div><\/section><section class=\"block core-paragraph\"><div class=\"container\">\n<p><strong>\u201c Une vision, un plan\u201d <\/strong><br\/>\u00c9laborer et soutenir une vision nationale et un plan afin d\u2019accompagner les transitions hors de la fragilit\u00e9. Cette vision et ce plan doivent \u00eatre pris en charge et dirig\u00e9s par chaque pays, \u00e9labor\u00e9s en consultation avec la soci\u00e9t\u00e9 civile et fond\u00e9s sur les r\u00e9sultats de l&rsquo;\u00e9valuation de fragilit\u00e9. Les plans doivent \u00eatre flexibles afin de r\u00e9pondre aux priorit\u00e9s \u00e0 court, moyen et long terme en mati\u00e8re de consolidation de la paix et de renforcement de l&rsquo;\u00c9tat, et doivent constituer le cadre d&rsquo;orientation pour l&rsquo;identification de toutes les priorit\u00e9s men\u00e9es par les pays.<\/p>\n<\/div><\/section><section class=\"block core-paragraph\"><div class=\"container\">\n<p><strong>Pacte <\/strong><br\/>Un pacte est un m\u00e9canisme essentiel \u00e0 la mise en \u0153uvre de la strat\u00e9gie \u00ab une vision, un plan \u00bb. Il doit \u00eatre \u00e9labor\u00e9 \u00e0 partir d\u2019un large \u00e9ventail de points de vue \u00e9manant de diverses parties prenantes et du public externe, et doit \u00eatre revu chaque ann\u00e9e dans le cadre d&rsquo;un examen multipartite. Le pacte doit \u00e9galement \u00eatre sensible aux diff\u00e9rences entre les niveaux de fragilit\u00e9 et les contextes nationaux ; il peut donc prendre diff\u00e9rentes formes selon les diff\u00e9rents stades des processus de transition. Un pacte peut \u00e9galement appuyer le choix des modalit\u00e9s de gestion de l\u2019aide internationale et fournir une base pour d\u00e9terminer l&rsquo;allocation des ressources des donateurs en fonction des priorit\u00e9s nationales.<br\/><br\/><strong>S\u2019appuyer sur les PSG en vue d\u2019assurer le suivi <\/strong><br\/><br\/>Utiliser les objectifs et les indicateurs des PSG pour s&rsquo;assurer que les progr\u00e8s r\u00e9alis\u00e9s au niveau national font l&rsquo;objet d&rsquo;un suivi attentif.<br\/><br\/><strong>Soutenir le dialogue politique et le leadership <\/strong><br\/>Accro\u00eetre le soutien aux processus de dialogue politique fiables et inclusifs et soutenir les initiatives mondiales, r\u00e9gionales et nationales visant \u00e0 renforcer les capacit\u00e9s des gouvernements, des dirigeants de la soci\u00e9t\u00e9 civile et des institutions. Un soutien sp\u00e9cifique devrait \u00eatre apport\u00e9 en vue de renforcer la participation des jeunes et des femmes au dialogue politique et aux initiatives de leadership.<\/p>\n<\/div><\/section><section class=\"block core-heading\"><div class=\"container\">\n<h2 class=\"wp-block-heading\">TRUST ET FOCUS vers l\u2019avenir : Un engagement envers des R\u00e9sultats concrets.<\/h2>\n<\/div><\/section><section class=\"block core-paragraph\"><div class=\"container\">\n<p>Les membres du Dialogue International ont convenu de renforcer la confiance mutuelle (TRUST) en optimisant l&rsquo;aide et la gestion des ressources, tout en les alignant afin d\u2019obtenir de meilleurs r\u00e9sultats. Ce faisant, ils cherchent notamment \u00e0 accro\u00eetre la transparence des processus et la gestion des risques, ainsi qu\u2019\u00e0 renforcer les capacit\u00e9s nationales et l\u2019utilisation des syst\u00e8mes nationaux.Ils visent \u00e0 am\u00e9liorer l\u2019efficacit\u00e9 de l\u2019aide internationale en rendant le financement plus rapide et pr\u00e9visible, afin d\u2019obtenir de meilleurs r\u00e9sultats. Il s&rsquo;agit notamment de renforcer :<\/p>\n<\/div><\/section><section class=\"block core-paragraph\"><div class=\"container\">\n<p><strong>La Transparence <\/strong><br\/>Viser \u00e0 assurer une transparence accrue dans l&rsquo;utilisation de l&rsquo;aide publique au d\u00e9veloppement et des autres formes d&rsquo;aide \u00e0 l&rsquo;avenir. Pour ce faire, il convient de surveiller, par l&rsquo;interm\u00e9diaire du CAD, l&rsquo;ensemble des flux de ressources vers les \u00c9tats fragiles et d&rsquo;assurer le suivi de l&rsquo;aide internationale au regard des objectifs individuels. Au niveau local, les pays b\u00e9n\u00e9ficiant d&rsquo;une aide internationale devraient renforcer leurs syst\u00e8mes nationaux de suivi et de planification, en ayant une attention particuli\u00e8re aux \u00e9l\u00e9ments tels que les budgets, les portails de transparence ou les syst\u00e8mes de gestion de l&rsquo;information sur l&rsquo;aide. Ils devraient \u00e9galement soutenir les m\u00e9canismes de supervision nationaux, y compris les parlements, et solliciter l&rsquo;avis des citoyens pour \u00e9valuer la transparence des ressources et la gestion de l&rsquo;aide nationales<\/p>\n<\/div><\/section><section class=\"block core-paragraph\"><div class=\"container\">\n<p><strong>Le Partage des risques <\/strong><br\/>Accepter les risques li\u00e9s \u00e0 tout engagement pendant les p\u00e9riodes de transitions, en reconnaissant que le risque de non-engagement dans ce type de contexte peut l&#8217;emporter sur la quasi-totalit\u00e9 des risques li\u00e9s \u00e0 l&rsquo;engagement. Identifier des strat\u00e9gies d&rsquo;att\u00e9nuation des risques adapt\u00e9es au contexte et \u00e9labor\u00e9es en collaboration avec les donateurs, ce qui n\u00e9ce ssitera des approches vari\u00e9es en mati\u00e8re de gestion des risques et de d\u00e9veloppement des capacit\u00e9s. Il est \u00e9galement essentiel de proc\u00e9der \u00e0 des \u00e9valuations conjointes des risques sp\u00e9cifiques associ\u00e9s \u00e0 l\u2019intervention dans les contextes de fragilit\u00e9s.Cela permettra d&rsquo;identifier et d&rsquo;optimiser l\u2019utilisation des m\u00e9canismes conjoints pour r\u00e9duire et mieux g\u00e9rer les risques, afin de renforcer les capacit\u00e9s et d&rsquo;am\u00e9liorer l&rsquo;utilisation des syst\u00e8mes nationaux.<\/p>\n<\/div><\/section><section class=\"block core-paragraph\"><div class=\"container\">\n<p><strong>Soutenir l\u2019utilisation<\/strong> ainsi que le renforcement des syst\u00e8mes nationaux <br\/>D\u00e9terminer ensemble les mesures de contr\u00f4le et de redevabilit\u00e9 n\u00e9cessaires afin de renforcer la confiance envers les syst\u00e8mes nationaux de permettre une utilisation \u00e9largie et un renforcement de ces syst\u00e8mes. Les gouvernements qui re\u00e7oivent une aide, avec le soutien des partenaires internationaux, doivent prendre toutes les mesures envisageables afin de renforcer leurs syst\u00e8mes de gestion des finances publiques et faire preuve d&rsquo;une transparence absolue \u00e0 ce sujet. Ce faisant, ils doivent \u00e9galement renforcer les capacit\u00e9s fiduciaires et administratives au sein de leurs institutions nationales, \u00e0 la fois aux niveaux local et national. Les partenaires internationaux ont \u00e9galement accept\u00e9 d&rsquo;augmenter le pourcentage d\u2019aide d\u00e9livr\u00e9e par le biais des syst\u00e8mes nationaux, en se basant sur des mesures et d&rsquo;objectifs \u00e9tablis conjointement au niveau national ; tandis que les gouvernements b\u00e9n\u00e9ficiaires s&rsquo;efforceront d&rsquo;accro\u00eetre la proportion des d\u00e9penses publiques financ\u00e9es par les revenues domestiques.<\/p>\n<\/div><\/section><section class=\"block core-paragraph\"><div class=\"container\">\n<p><strong>Renforcer les capacit\u00e9s <\/strong><br\/>Pour que les \u00c9tats fragiles puissent renforcer de mani\u00e8re \u00e9quilibr\u00e9e et appropri\u00e9e les capacit\u00e9s strat\u00e9giques des institutions civiles et \u00e9tatiques, il convient d&rsquo;augmenter la part des fonds destin\u00e9s au renforcement des capacit\u00e9s par le biais de m\u00e9canismes g\u00e9r\u00e9s conjointement et financ\u00e9s par des fonds communs. Il convient \u00e9galement de r\u00e9duire de mani\u00e8re significative le nombre d\u2019unit\u00e9s de mise en \u0153uvre des programmes par institution et cibler l&rsquo;utilisation de l&rsquo;assistance technique externe, en veillant \u00e0 ce qu&rsquo;elle rende compte \u00e0 l&rsquo;autorit\u00e9 nationale comp\u00e9tente. Travailler \u00e0 un accord sur les codes de conduite en mati\u00e8re de r\u00e9mun\u00e9ration entre le gouvernement et les partenaires internationaux pour les experts nationaux, tout en facilitant l&rsquo;\u00e9change d&rsquo;exp\u00e9riences Sud-Sud et d\u2019Etats fragiles-\u00e0-fragiles au sujet des transitions.<\/p>\n<\/div><\/section><section class=\"block core-paragraph\"><div class=\"container\">\n<p><strong>Timely and Predictable Aid<br\/><\/strong>Develop simple and accountable fast-track financial management and procurement procedures to improve the speed and flexibility of aid delivery in fragile situations. Commit to increasing the predictability of aid: first through publishing three- to five-year indicative forward estimates (as committed in the Accra Agenda for Action), and through making more effective use of global and country level funds for peacebuilding and statebuilding. Finally, provide necessary data to the Development Assistance Committee (DAC) so that regular and accurate reports on volatility will always be available.<\/p>\n<\/div><\/section>","protected":false},"excerpt":{"rendered":"<p>Le New Deal comprends trois principes essentiels Les PSGs : Les fondements de notre avenir Les membres du Dialogue International &hellip;<\/p>\n","protected":false},"author":3,"featured_media":0,"parent":0,"menu_order":0,"comment_status":"closed","ping_status":"closed","template":"","meta":{"_acf_changed":false,"inline_featured_image":false,"footnotes":""},"class_list":["post-1059","page","type-page","status-publish","hentry"],"acf":[],"_links":{"self":[{"href":"https:\/\/www.pbsbdialogue.org\/fr\/wp-json\/wp\/v2\/pages\/1059","targetHints":{"allow":["GET"]}}],"collection":[{"href":"https:\/\/www.pbsbdialogue.org\/fr\/wp-json\/wp\/v2\/pages"}],"about":[{"href":"https:\/\/www.pbsbdialogue.org\/fr\/wp-json\/wp\/v2\/types\/page"}],"author":[{"embeddable":true,"href":"https:\/\/www.pbsbdialogue.org\/fr\/wp-json\/wp\/v2\/users\/3"}],"replies":[{"embeddable":true,"href":"https:\/\/www.pbsbdialogue.org\/fr\/wp-json\/wp\/v2\/comments?post=1059"}],"version-history":[{"count":1,"href":"https:\/\/www.pbsbdialogue.org\/fr\/wp-json\/wp\/v2\/pages\/1059\/revisions"}],"predecessor-version":[{"id":1060,"href":"https:\/\/www.pbsbdialogue.org\/fr\/wp-json\/wp\/v2\/pages\/1059\/revisions\/1060"}],"wp:attachment":[{"href":"https:\/\/www.pbsbdialogue.org\/fr\/wp-json\/wp\/v2\/media?parent=1059"}],"curies":[{"name":"wp","href":"https:\/\/api.w.org\/{rel}","templated":true}]}}