{"id":1052,"date":"2023-09-14T08:03:16","date_gmt":"2023-09-14T08:03:16","guid":{"rendered":"https:\/\/www.pbsbdialogue.org\/a-propos-du-new-deal\/"},"modified":"2025-01-27T18:10:40","modified_gmt":"2025-01-27T18:10:40","slug":"a-propos-du-new-deal","status":"publish","type":"page","link":"https:\/\/www.pbsbdialogue.org\/fr\/a-propos-du-new-deal\/","title":{"rendered":"\u00c0 propos du New Deal"},"content":{"rendered":"<section id=\"block_ef31749aae2834b9171332f9656a3d94\" class=\"block acf-block block-hero hero-type-reg buttons-light   show-on-scroll\">\n\t<div class=\"container\">\n\t\t<div class=\"acf-innerblocks-container\">\n\n<h1 class=\"wp-block-heading head\">\u00c0 propos du New Deal<\/h1>\n\n\n\n<p class=\"subhead\"><\/p>\n\n\n\n<div class=\"wp-block-buttons hero-cta is-layout-flex wp-block-buttons-is-layout-flex\"><\/div>\n\n<\/div>\n\t<\/div>\n<\/section>\n<style>\n\t#block_ef31749aae2834b9171332f9656a3d94 {\n\t\tbackground-image: url(\"https:\/\/www.pbsbdialogue.org\/wp-content\/themes\/idps-theme\/blocks\/Hero\/assets\/img\/hero.png\");\n\t}\n<\/style>\n<section class=\"block core-paragraph\"><div class=\"container\">\n<p><strong>Le New Deal est un accord fondamental sign\u00e9 entre les pays fragiles et en conflits, les partenaires de d\u00e9veloppement et la soci\u00e9t\u00e9 civile, visant \u00e0 am\u00e9liorer les politiques de d\u00e9veloppement ainsi que leur mise-en \u0153uvre dans les \u00e9tats fragiles et en conflits. L\u2019accord a \u00e9t\u00e9 \u00e9labor\u00e9 dans le cadre du Dialogue International et a \u00e9t\u00e9 ratifi\u00e9 par plus de 40 pays et organisations lors du <\/strong><a href=\"http:\/\/www.oecd.org\/dac\/effectiveness\/fourthhighlevelforumonaideffectiveness.htm\" target=\"_blank\" rel=\"noopener\">4<sup>e<\/sup> Forum de Haut Niveau sur l\u2019efficacit\u00e9 <\/a><strong>de l\u2019aide, qui s\u2019est tenu \u00e0 Busan, en Cor\u00e9e du Sud, <sup>le<\/sup> 30 novembre 2011.<\/strong><\/p>\n<\/div><\/section><section class=\"block core-paragraph\"><div class=\"container\">\n<p><strong>Le \u201c New Deal\u201d pour l\u2019engagement dans les<\/strong> Etats Fragiles est un accord politique mondial de r\u00e9f\u00e9rence. Dans le cadre du New Deal, les partenaires du d\u00e9veloppement se sont engag\u00e9s \u00e0 soutenir les plans de d\u00e9veloppement pilot\u00e9s et dirig\u00e9s par les pays concern\u00e9s et \u00e0 accro\u00eetre l&rsquo;efficacit\u00e9 de l&rsquo;aide dans les situations de fragilit\u00e9 (\u00e0 travers l\u2019approche TRUST) .Les gouvernements du G7+ ont quant \u00e0 eux, pris l\u2019engagement de mettre en place des processus de planification inclusifs, ancr\u00e9s dans les contextes locaux (les principes FOCUS). Les parties sont toutes deux engag\u00e9es \u00e0 poursuivre les cinq Objectifs de Consolidation de la paix et du Renforcement de l&rsquo;\u00c9tat (PSGs) : \u00e0 savoir la politique l\u00e9gitime, la justice, la s\u00e9curit\u00e9, les revenus et services, ainsi que les fondements \u00e9conomiques.<\/p>\n<\/div><\/section><section class=\"block core-embed\"><div class=\"container\">\n<figure class=\"wp-block-embed is-type-video is-provider-youtube wp-block-embed-youtube wp-embed-aspect-16-9 wp-has-aspect-ratio\"><div class=\"wp-block-embed__wrapper\">\n<iframe loading=\"lazy\" title=\"The New Deal\" width=\"500\" height=\"281\" src=\"https:\/\/www.youtube.com\/embed\/sKSZG3haMk8?feature=oembed\" frameborder=\"0\" allow=\"accelerometer; autoplay; clipboard-write; encrypted-media; gyroscope; picture-in-picture; web-share\" referrerpolicy=\"strict-origin-when-cross-origin\" allowfullscreen><\/iframe>\n<\/div><\/figure>\n<\/div><\/section><section class=\"block core-paragraph\"><div class=\"container\">\n<p>Le New Deal a \u00e9t\u00e9 \u00e9tabli afin d\u2019engendrer plusieurs changements :<br\/>d\u2019une part, un changement dans \u201cles actions\u201d r\u00e9alis\u00e9es et, d\u2019autre part, un changement dans la \u201cmani\u00e8re\u201d de les mener \u00e0 bien afin de soutenir les pays dans leur transition hors des conflits et de la fragilit\u00e9, ainsi que de cultiver des soci\u00e9t\u00e9s et des \u00c9tats pacifiques. En pratique, cela implique trois \u00e9l\u00e9ments cl\u00e9s : i) se concentrer sur les priorit\u00e9s essentielles ii) encourager une appropriation et une gestion nationale des processus de transitions hors de la fragilit\u00e9 iii)encourager une meilleure efficacit\u00e9 dans la gestion des ressources et contribuer \u00e0 renforcer les capacit\u00e9s et les syst\u00e8mes locaux.<\/p>\n<\/div><\/section><section class=\"block core-paragraph\"><div class=\"container\">\n<p>Pour que la coop\u00e9ration internationale pour le d\u00e9veloppement soit plus efficace dans les ann\u00e9es \u00e0 venir, il est crucial de passer des anciennes pratiques de &lsquo;transfert de donateur \u00e0 b\u00e9n\u00e9ficiaire&rsquo; et des approches standardis\u00e9es de r\u00e9forme institutionnelle \u00e0 la cr\u00e9ation d\u2019un partenariat \u00e9quitable entre les gouvernements et les partenaires de d\u00e9veloppement, fond\u00e9 sur le dialogue et la collaboration. <\/p>\n<\/div><\/section><section class=\"block core-paragraph\"><div class=\"container\">\n<p><strong>Le New Deal : pourquoi en avons-nous besoin ?<\/strong><\/p>\n<\/div><\/section><section class=\"block core-paragraph\"><div class=\"container\">\n<p>De nos jours, environ 1,4 milliard de personnes vivent dans des \u00c9tats fragiles. Les situations de fragilit\u00e9 et transitions recouvrent un large \u00e9ventail de contextes, allant des pays \u00e0 revenu interm\u00e9diaire dot\u00e9s d&rsquo;institutions solides, tels que les pays du Moyen-Orient et d\u2019Afrique du Nord ; aux pays \u00e0 faible revenu d\u00e9pendant \u00e0 l&rsquo;aide international, comme Ha\u00efti et les \u00celes Salomon. De nombreux \u00c9tats fragiles peinent ainsi \u00e0 progresser vers la r\u00e9alisation des objectifs du Mill\u00e9naire pour le d\u00e9veloppement (OMD). De fait, ces pays risquent de ne pas pouvoir tirer parti des r\u00e9centes \u00e9volutions mondiales en faveur d&rsquo;une plus grande croissance \u00e9conomique et de la \u00ab mont\u00e9e en puissance des Suds \u00bb. La paix, la s\u00e9curit\u00e9 et le d\u00e9veloppement sont \u00e9troitement li\u00e9s. Les soci\u00e9t\u00e9s ont besoin de disposer d&rsquo;\u00c9tats r\u00e9silients et proactifs, dot\u00e9s de la l\u00e9gitimit\u00e9 et des capacit\u00e9s n\u00e9cessaires afin de fournir les services de base, assurer la justice et la s\u00e9curit\u00e9 de ces populations, et capable de cr\u00e9er un environnement propice \u00e0 une croissance \u00e9quitable.<\/p>\n<\/div><\/section><section class=\"block core-paragraph\"><div class=\"container\">\n<p>Sortir de la fragilit\u00e9 est un travail politique de longue haleine qui exige un leadership et une appropriation nationale de la part des pays concern\u00e9s. Les processus de dialogue politique ont trop souvent \u00e9chou\u00e9 en raison d&rsquo;un manque de confiance entre les partenaires, d&rsquo;inclusivit\u00e9 et de leadership. Les partenaires internationaux contournent fr\u00e9quemment les int\u00e9r\u00eats des acteurs nationaux, offrant une aide de mani\u00e8re technocratique. Cette approche, qui ne prend pas en compte l&rsquo;importance de s&rsquo;adapter aux contextes nationaux et locaux, ne peut que g\u00e9n\u00e9rer des r\u00e9sultats \u00e0 court terme, au d\u00e9triment de r\u00e9sultats durables sur le long terme, obtenus par le renforcement des capacit\u00e9s et des syst\u00e8mes.<\/p>\n<\/div><\/section><section class=\"block core-paragraph\"><div class=\"container\">\n<p>Les anciens modes de distribution de l&rsquo;aide internationale n&rsquo;ont malheureusement pas r\u00e9ussi \u00e0 d\u00e9livrer les r\u00e9sultats escompt\u00e9s afin de permettre aux \u00c9tats fragiles de s&rsquo;engager sur le chemin de la r\u00e9silience. Une nouvelle architecture de d\u00e9veloppement ainsi que la mise en place de nouvelles mani\u00e8res de travailler, mieux adapt\u00e9es aux situations et aux d\u00e9fis actuels dans les contextes de fragilit\u00e9s, sont essentiels afin de construire des \u00c9tats et des soci\u00e9t\u00e9s pacifiques.<\/p>\n<\/div><\/section>","protected":false},"excerpt":{"rendered":"<p>Le New Deal est un accord fondamental sign\u00e9 entre les pays fragiles et en conflits, les partenaires de d\u00e9veloppement et &hellip;<\/p>\n","protected":false},"author":3,"featured_media":0,"parent":0,"menu_order":0,"comment_status":"closed","ping_status":"closed","template":"","meta":{"_acf_changed":false,"inline_featured_image":false,"footnotes":""},"class_list":["post-1052","page","type-page","status-publish","hentry"],"acf":[],"_links":{"self":[{"href":"https:\/\/www.pbsbdialogue.org\/fr\/wp-json\/wp\/v2\/pages\/1052","targetHints":{"allow":["GET"]}}],"collection":[{"href":"https:\/\/www.pbsbdialogue.org\/fr\/wp-json\/wp\/v2\/pages"}],"about":[{"href":"https:\/\/www.pbsbdialogue.org\/fr\/wp-json\/wp\/v2\/types\/page"}],"author":[{"embeddable":true,"href":"https:\/\/www.pbsbdialogue.org\/fr\/wp-json\/wp\/v2\/users\/3"}],"replies":[{"embeddable":true,"href":"https:\/\/www.pbsbdialogue.org\/fr\/wp-json\/wp\/v2\/comments?post=1052"}],"version-history":[{"count":1,"href":"https:\/\/www.pbsbdialogue.org\/fr\/wp-json\/wp\/v2\/pages\/1052\/revisions"}],"predecessor-version":[{"id":1054,"href":"https:\/\/www.pbsbdialogue.org\/fr\/wp-json\/wp\/v2\/pages\/1052\/revisions\/1054"}],"wp:attachment":[{"href":"https:\/\/www.pbsbdialogue.org\/fr\/wp-json\/wp\/v2\/media?parent=1052"}],"curies":[{"name":"wp","href":"https:\/\/api.w.org\/{rel}","templated":true}]}}