{"id":1044,"date":"2023-05-30T09:52:03","date_gmt":"2023-05-30T09:52:03","guid":{"rendered":"https:\/\/www.pbsbdialogue.org\/co-chair\/"},"modified":"2025-08-28T07:53:09","modified_gmt":"2025-08-28T07:53:09","slug":"co-chair","status":"publish","type":"page","link":"https:\/\/www.pbsbdialogue.org\/fr\/co-chair\/","title":{"rendered":"Co-Chair"},"content":{"rendered":"<section id=\"block_7fe50483ada888f8d576b0c3df7b2cb5\" class=\"block acf-block block-hero hero-type-reg buttons-light   show-on-scroll\">\n\t<div class=\"container\">\n\t\t<div class=\"acf-innerblocks-container\">\n\n<h1 class=\"wp-block-heading head\">The IDPS co-chairs<\/h1>\n\n\n\n<p class=\"subhead\">Les deux copr\u00e9sidents \u0153uvrent \u00e0 repr\u00e9senter les \u00c9tats fragiles et les partenaires de d\u00e9veloppement, en offrant une direction strat\u00e9gique et un leadership pour le Dialogue.<\/p>\n\n<\/div>\n\t<\/div>\n<\/section>\n<style>\n\t#block_7fe50483ada888f8d576b0c3df7b2cb5 {\n\t\tbackground-image: url(\"https:\/\/www.pbsbdialogue.org\/wp-content\/uploads\/2023\/06\/background-image-1.png\");\n\t}\n<\/style>\n\n\n\n<section id=\"Kenye-Barlay\" class=\"block acf-block block-chairman   show-on-scroll\">\n\t<div class=\"container\">\n\t\t<div class=\"acf-innerblocks-container\">\n\n<figure class=\"wp-block-image size-full photo\"><img loading=\"lazy\" decoding=\"async\" width=\"477\" height=\"564\" src=\"https:\/\/www.pbsbdialogue.org\/wp-content\/uploads\/2023\/09\/Kenyeh-Barlay.jpg\" alt=\"\" class=\"wp-image-607\" srcset=\"https:\/\/www.pbsbdialogue.org\/wp-content\/uploads\/2023\/09\/Kenyeh-Barlay.jpg 477w, https:\/\/www.pbsbdialogue.org\/wp-content\/uploads\/2023\/09\/Kenyeh-Barlay-254x300.jpg 254w\" sizes=\"auto, (max-width: 477px) 100vw, 477px\" \/><\/figure>\n\n\n\n<h3 class=\"wp-block-heading has-text-align-left head\">H.E Kenyeh Barlay <\/h3>\n\n\n\n<p class=\"lead\">Ministre de la Planification et du D\u00e9veloppement \u00e9conomique, Sierra Leone, co-pr\u00e9sidente du Dialogue International et pr\u00e9sident du groupe g7+ des \u00c9tats fragiles.<\/p>\n\n\n\n<p class=\"text-t2-left\">La ministre Kenyeh Barlay est titulaire d&rsquo;un Master (Sciences \u00e9conomique) en planification sociale de l&rsquo;University College de Swansea, au sud du pays de Galles, et d&rsquo;une licence en Sciences sociales , obtenue avec mention, aupr\u00e8s de l&rsquo;universit\u00e9 de Hull, au Royaume-Uni.Elle est une planificatrice du d\u00e9veloppement hors-pair , avec plus de 35 ans d&rsquo;exp\u00e9rience dans le domaine de la planification et du d\u00e9veloppement \u00e9conomique, travaillant avec des organisations gouvernementales et internationales.Sa plus r\u00e9cente fonction \u00e9tait celle de membre du conseil d&rsquo;administration de la Banque africaine de d\u00e9veloppement (BAD). En tant que directrice ex\u00e9cutive au sein du conseil d&rsquo;administration de la BAD, elle repr\u00e9sentait les pays suivants : Gambie, Ghana, Liberia, Sierra Leone et Soudan. Ses responsabilit\u00e9s au sein de ce conseil consistaient \u00e0 assurer la supervision et l&rsquo;orientation strat\u00e9gique du groupe de la Banque, ainsi qu&rsquo;\u00e0 pr\u00e9sider deux comit\u00e9s du conseil, \u00e0 savoir : le comit\u00e9 des affaires administratives et de la politique des ressources humaines (CAHR) et le comit\u00e9 des communications externes et des assembl\u00e9es annuelles (ECAM).<br>Mme Barlay a commenc\u00e9 sa carri\u00e8re en 1984 au minist\u00e8re du d\u00e9veloppement et de la planification \u00e9conomique (MODEP). En 1997, elle est devenue directrice du programme d&rsquo;action sociale et de lutte contre la pauvret\u00e9 (SAPA), financ\u00e9 par la Banque africaine de d\u00e9veloppement, qu&rsquo;elle avait con\u00e7u cinq ans auparavant, alors qu&rsquo;elle travaillait au MODEP, avant d&rsquo;\u00eatre transf\u00e9r\u00e9e \u00e0 la Commission nationale pour la r\u00e9installation, la reconstruction et la r\u00e9habilitation (NCRRR). Le programme SAPA, sous la direction du ministre Barlay, a \u00e9t\u00e9 l&rsquo;une des initiatives de reconstruction post-conflit les plus performantes du gouvernement de la Sierra Leone. <span style=\"font-size: 1rem; letter-spacing: -0.00625rem; color: initial;\"><\/span><\/p>\n\n\n\n<p class=\"text-t2-right\">Le programme visait \u00e0 adresser la probl\u00e9matique de la pauvret\u00e9 \u00e0 travers la r\u00e9habilitation et la reconstruction des infrastructures sociales et \u00e9conomiques (y compris les \u00e9coles, les centres de sant\u00e9 et les march\u00e9s), l&rsquo;acc\u00e8s au financement et les interventions de formation professionnelle ax\u00e9es sur l&rsquo;autonomisation \u00e9conomique des femmes. La ministre Barlay, personnalit\u00e9 \u00e0 l&rsquo;avant-garde du mouvement de la microfinance en Sierra Leone, est devenue directrice du programme de microfinance de la NaCSA apr\u00e8s avoir r\u00e9ussi \u00e0 transformer le programme SAPA en un programme national de microfinance. De 2007 \u00e0 2011, elle a poursuivi ses activit\u00e9s dans le domaine de l&rsquo;\u00e9laboration et de la mise en \u0153uvre de politiques de microfinance en tant que conseill\u00e8re technique nationale du FENU pour le lancement d&rsquo;un projet de secteur financier inclusif au Lib\u00e9ria.De 2013 \u00e0 2016, le ministre Barlay a coordonn\u00e9 le Programme de productivit\u00e9 agricole en Afrique de l&rsquo;Ouest (WAAPP), financ\u00e9 par la Banque mondiale et la JICA, pour la r\u00e9gion de l&rsquo;Union du fleuve Mano. L&rsquo;objectif du programme \u00e9tant de contribuer \u00e0 l&rsquo;augmentation de la productivit\u00e9 du riz dans les pays de l&rsquo;UFM par la g\u00e9n\u00e9ration et l&rsquo;adoption acc\u00e9l\u00e9r\u00e9e de technologies am\u00e9lior\u00e9es, et l&rsquo;int\u00e9gration du march\u00e9 r\u00e9gional du riz.Tout au long de sa carri\u00e8re, Mme Barlay a \u00e9galement effectu\u00e9 des missions de conseil au niveau national et international dans les domaines de la lutte contre la pauvret\u00e9, de l&rsquo;acc\u00e8s au financement, de l&rsquo;\u00e9mancipation \u00e9conomique des femmes et de l&rsquo;\u00e9galit\u00e9 des sexes, des droits fonciers, de l&rsquo;agriculture, de la planification strat\u00e9gique et de la planification du d\u00e9veloppement des capacit\u00e9s humaines, entre autres.<br><\/p>\n\n<\/div>\n\t<\/div>\n<\/section>\n<style>\n\t#block_0c3e002b96868158b14089cd2c130891 {\n\t\tpadding-bottom: 0; \n\n\t}\n\n<\/style>\n\n\n<section id=\"switzerland\" class=\"block acf-block block-chairman   show-on-scroll\">\n\t<div class=\"container\">\n\t\t<div class=\"acf-innerblocks-container\">\n\n<h3 class=\"wp-block-heading has-text-align-left head\">La Suisse assure la copr\u00e9sidence par int\u00e9rim de l\u2019IDPS.<\/h3>\n\n\n\n<p class=\"lead\"><\/p>\n\n\n\n<p class=\"text-t2-left\"><br><br><\/p>\n\n\n\n<p class=\"text-t2-right\"><\/p>\n\n<\/div>\n\t<\/div>\n<\/section>\n<style>\n\t#block_aea5bfb84430b74c62f20f127e22d89c {\n\t\tpadding-top: 40px; \n\n\t}\n\n\t@media (min-width: 768px) { \n\t\t#block_aea5bfb84430b74c62f20f127e22d89c {\n\t\t\tpadding-top: 180px; \n\n\t\t}\n\t}\n<\/style>","protected":false},"excerpt":{"rendered":"","protected":false},"author":3,"featured_media":0,"parent":0,"menu_order":0,"comment_status":"closed","ping_status":"closed","template":"","meta":{"_acf_changed":false,"inline_featured_image":false,"footnotes":""},"class_list":["post-1044","page","type-page","status-publish","hentry"],"acf":[],"_links":{"self":[{"href":"https:\/\/www.pbsbdialogue.org\/fr\/wp-json\/wp\/v2\/pages\/1044","targetHints":{"allow":["GET"]}}],"collection":[{"href":"https:\/\/www.pbsbdialogue.org\/fr\/wp-json\/wp\/v2\/pages"}],"about":[{"href":"https:\/\/www.pbsbdialogue.org\/fr\/wp-json\/wp\/v2\/types\/page"}],"author":[{"embeddable":true,"href":"https:\/\/www.pbsbdialogue.org\/fr\/wp-json\/wp\/v2\/users\/3"}],"replies":[{"embeddable":true,"href":"https:\/\/www.pbsbdialogue.org\/fr\/wp-json\/wp\/v2\/comments?post=1044"}],"version-history":[{"count":3,"href":"https:\/\/www.pbsbdialogue.org\/fr\/wp-json\/wp\/v2\/pages\/1044\/revisions"}],"predecessor-version":[{"id":1107,"href":"https:\/\/www.pbsbdialogue.org\/fr\/wp-json\/wp\/v2\/pages\/1044\/revisions\/1107"}],"wp:attachment":[{"href":"https:\/\/www.pbsbdialogue.org\/fr\/wp-json\/wp\/v2\/media?parent=1044"}],"curies":[{"name":"wp","href":"https:\/\/api.w.org\/{rel}","templated":true}]}}